{"id":23,"date":"2024-09-05T10:19:35","date_gmt":"2024-09-05T08:19:35","guid":{"rendered":"https:\/\/clravocat.fr\/?page_id=23"},"modified":"2025-06-06T12:25:20","modified_gmt":"2025-06-06T10:25:20","slug":"avocat-urbanisme-bordeaux","status":"publish","type":"page","link":"https:\/\/clravocat.fr\/en\/avocat-urbanisme-bordeaux\/","title":{"rendered":"TOWN PLANNING LAWYER"},"content":{"rendered":"<p>[et_pb_section fb_built=\u00a0\u00bb1&Prime; custom_padding_last_edited=\u00a0\u00bbon|tablet\u00a0\u00bb _builder_version=\u00a0\u00bb4.27.0&Prime; _module_preset=\u00a0\u00bbdefault\u00a0\u00bb background_color=\u00a0\u00bbrgba(251,230,225,0.75)\u00a0\u00bb background_image=\u00a0\u00bbhttps:\/\/clravocat.fr\/wp-content\/uploads\/2024\/09\/ACCUEIL.jpg\u00a0\u00bb background_blend=\u00a0\u00bboverlay\u00a0\u00bb custom_padding=\u00a0\u00bb140px||20px||false|false\u00a0\u00bb custom_padding_tablet=\u00a0\u00bb140px||0px||false|false\u00a0\u00bb custom_padding_phone=\u00a0\u00bb100px||20px||false|false\u00a0\u00bb global_colors_info=\u00a0\u00bb{}\u00a0\u00bb][et_pb_row custom_padding_last_edited=\u00a0\u00bbon|phone\u00a0\u00bb _builder_version=\u00a0\u00bb4.27.0&Prime; _module_preset=\u00a0\u00bbdefault\u00a0\u00bb width=\u00a0\u00bb90%\u00a0\u00bb max_width=\u00a0\u00bbnone\u00a0\u00bb custom_padding=\u00a0\u00bb||10px||false|false\u00a0\u00bb custom_padding_tablet=\u00a0\u00bb||10px||false|false\u00a0\u00bb custom_padding_phone=\u00a0\u00bb||10px||false|false\u00a0\u00bb global_colors_info=\u00a0\u00bb{}\u00a0\u00bb][et_pb_column type=\u00a0\u00bb4_4&Prime; _builder_version=\u00a0\u00bb4.27.0&Prime; _module_preset=\u00a0\u00bbdefault\u00a0\u00bb global_colors_info=\u00a0\u00bb{}\u00a0\u00bb][et_pb_text _builder_version=\u00a0\u00bb4.27.2&Prime; _module_preset=\u00a0\u00bbdefault\u00a0\u00bb text_font=\u00a0\u00bb|700|||||||\u00a0\u00bb text_text_color=\u00a0\u00bb#171538&Prime; hover_enabled=\u00a0\u00bb0&Prime; global_colors_info=\u00a0\u00bb{}\u00a0\u00bb sticky_enabled=\u00a0\u00bb0&Prime;]<\/p>\n<p>Bordeaux &#8211; Biganos \/ Avocat en droit de l&rsquo;Urbanisme<\/p>\n<p>[\/et_pb_text][\/et_pb_column][\/et_pb_row][et_pb_row _builder_version=\u00a0\u00bb4.27.0&Prime; _module_preset=\u00a0\u00bbdefault\u00a0\u00bb width=\u00a0\u00bb100%\u00a0\u00bb max_width=\u00a0\u00bbnone\u00a0\u00bb custom_margin_tablet=\u00a0\u00bb\u00a0\u00bb custom_margin_phone=\u00a0\u00bb0px||0px||false|false\u00a0\u00bb custom_margin_last_edited=\u00a0\u00bbon|phone\u00a0\u00bb custom_padding=\u00a0\u00bb0px||0px||true|false\u00a0\u00bb global_colors_info=\u00a0\u00bb{}\u00a0\u00bb][et_pb_column type=\u00a0\u00bb4_4&Prime; _builder_version=\u00a0\u00bb4.27.0&Prime; _module_preset=\u00a0\u00bbdefault\u00a0\u00bb global_colors_info=\u00a0\u00bb{}\u00a0\u00bb][et_pb_divider color=\u00a0\u00bb#171538&Prime; divider_weight=\u00a0\u00bb2px\u00a0\u00bb _builder_version=\u00a0\u00bb4.27.0&Prime; _module_preset=\u00a0\u00bbdefault\u00a0\u00bb width_tablet=\u00a0\u00bb\u00a0\u00bb width_phone=\u00a0\u00bb\u00a0\u00bb width_last_edited=\u00a0\u00bbon|tablet\u00a0\u00bb max_width=\u00a0\u00bb27%\u00a0\u00bb max_width_tablet=\u00a0\u00bb50%\u00a0\u00bb max_width_phone=\u00a0\u00bb80%\u00a0\u00bb max_width_last_edited=\u00a0\u00bbon|tablet\u00a0\u00bb custom_margin_tablet=\u00a0\u00bb\u00a0\u00bb custom_margin_phone=\u00a0\u00bb||0px||false|false\u00a0\u00bb custom_margin_last_edited=\u00a0\u00bbon|phone\u00a0\u00bb custom_padding_tablet=\u00a0\u00bb\u00a0\u00bb custom_padding_phone=\u00a0\u00bb||0px||false|false\u00a0\u00bb custom_padding_last_edited=\u00a0\u00bbon|phone\u00a0\u00bb global_colors_info=\u00a0\u00bb{}\u00a0\u00bb][\/et_pb_divider][\/et_pb_column][\/et_pb_row][et_pb_row custom_padding_last_edited=\u00a0\u00bbon|phone\u00a0\u00bb _builder_version=\u00a0\u00bb4.27.0&Prime; _module_preset=\u00a0\u00bbdefault\u00a0\u00bb width=\u00a0\u00bb90%\u00a0\u00bb max_width=\u00a0\u00bbnone\u00a0\u00bb custom_margin_tablet=\u00a0\u00bb\u00a0\u00bb custom_margin_phone=\u00a0\u00bb0px||0px||true|false\u00a0\u00bb custom_margin_last_edited=\u00a0\u00bbon|phone\u00a0\u00bb custom_padding=\u00a0\u00bb10px||||false|false\u00a0\u00bb custom_padding_tablet=\u00a0\u00bb10px||||false|false\u00a0\u00bb custom_padding_phone=\u00a0\u00bb0px||||false|false\u00a0\u00bb global_colors_info=\u00a0\u00bb{}\u00a0\u00bb][et_pb_column type=\u00a0\u00bb4_4&Prime; _builder_version=\u00a0\u00bb4.27.0&Prime; _module_preset=\u00a0\u00bbdefault\u00a0\u00bb global_colors_info=\u00a0\u00bb{}\u00a0\u00bb][et_pb_text _builder_version=\u00a0\u00bb4.27.2&Prime; _module_preset=\u00a0\u00bbdefault\u00a0\u00bb header_text_color=\u00a0\u00bb#171538&Prime; header_font_size=\u00a0\u00bb60px\u00a0\u00bb header_font_size_tablet=\u00a0\u00bb60px\u00a0\u00bb header_font_size_phone=\u00a0\u00bb40px\u00a0\u00bb header_font_size_last_edited=\u00a0\u00bbon|phone\u00a0\u00bb global_colors_info=\u00a0\u00bb{}\u00a0\u00bb]<\/p>\n<h1>AVOCAT EN DROIT DE L&rsquo;URBANISME<\/h1>\n<p>[\/et_pb_text][et_pb_button button_url=\u00a0\u00bb@ET-DC@eyJkeW5hbWljIjp0cnVlLCJjb250ZW50IjoicG9zdF9saW5rX3VybF9wYWdlIiwic2V0dGluZ3MiOnsicG9zdF9pZCI6IjM1In19@\u00a0\u00bb button_text=\u00a0\u00bbCONTACT\u00a0\u00bb _builder_version=\u00a0\u00bb4.27.0&Prime; _dynamic_attributes=\u00a0\u00bbbutton_url\u00a0\u00bb _module_preset=\u00a0\u00bbdefault\u00a0\u00bb custom_button=\u00a0\u00bbon\u00a0\u00bb button_text_size=\u00a0\u00bb18px\u00a0\u00bb button_text_color=\u00a0\u00bb#FBE6E1&Prime; button_bg_color=\u00a0\u00bb#171538&Prime; button_border_width=\u00a0\u00bb0px\u00a0\u00bb custom_padding=\u00a0\u00bb|50px||50px|false|true\u00a0\u00bb button_border_radius_last_edited=\u00a0\u00bboff|desktop\u00a0\u00bb global_colors_info=\u00a0\u00bb{}\u00a0\u00bb button_border_radius__hover_enabled=\u00a0\u00bbon|hover\u00a0\u00bb button_border_radius__hover=\u00a0\u00bb70px\u00a0\u00bb][\/et_pb_button][\/et_pb_column][\/et_pb_row][\/et_pb_section][et_pb_section fb_built=\u00a0\u00bb1&Prime; custom_padding_last_edited=\u00a0\u00bbon|phone\u00a0\u00bb _builder_version=\u00a0\u00bb4.27.0&Prime; _module_preset=\u00a0\u00bbdefault\u00a0\u00bb background_color=\u00a0\u00bb#FBE6E1&Prime; width=\u00a0\u00bb95%\u00a0\u00bb module_alignment=\u00a0\u00bbcenter\u00a0\u00bb custom_margin=\u00a0\u00bb30px||||false|false\u00a0\u00bb custom_padding=\u00a0\u00bb70px||70px||true|false\u00a0\u00bb custom_padding_tablet=\u00a0\u00bb50px||50px||true|false\u00a0\u00bb custom_padding_phone=\u00a0\u00bb30px||30px||true|false\u00a0\u00bb animation_style=\u00a0\u00bbslide\u00a0\u00bb animation_direction=\u00a0\u00bbright\u00a0\u00bb border_radii=\u00a0\u00bboff|||250px|\u00a0\u00bb border_radii_tablet=\u00a0\u00bboff||||250px\u00a0\u00bb border_radii_phone=\u00a0\u00bboff||||120px\u00a0\u00bb border_radii_last_edited=\u00a0\u00bbon|phone\u00a0\u00bb locked=\u00a0\u00bboff\u00a0\u00bb global_colors_info=\u00a0\u00bb{}\u00a0\u00bb][et_pb_row custom_padding_last_edited=\u00a0\u00bbon|desktop\u00a0\u00bb _builder_version=\u00a0\u00bb4.27.2&Prime; _module_preset=\u00a0\u00bbdefault\u00a0\u00bb width=\u00a0\u00bb70%\u00a0\u00bb width_tablet=\u00a0\u00bb70%\u00a0\u00bb width_phone=\u00a0\u00bb70%\u00a0\u00bb width_last_edited=\u00a0\u00bbon|tablet\u00a0\u00bb custom_padding=\u00a0\u00bb0px||0px||false|false\u00a0\u00bb custom_padding_tablet=\u00a0\u00bb0px||||false|false\u00a0\u00bb custom_padding_phone=\u00a0\u00bb0px||0px||false|false\u00a0\u00bb global_colors_info=\u00a0\u00bb{}\u00a0\u00bb][et_pb_column type=\u00a0\u00bb4_4&Prime; _builder_version=\u00a0\u00bb4.27.0&Prime; _module_preset=\u00a0\u00bbdefault\u00a0\u00bb global_colors_info=\u00a0\u00bb{}\u00a0\u00bb][et_pb_text _builder_version=\u00a0\u00bb4.27.2&Prime; _module_preset=\u00a0\u00bbdefault\u00a0\u00bb header_3_font=\u00a0\u00bb&#8211;et_global_body_font|700|||||||\u00a0\u00bb header_3_text_align=\u00a0\u00bbcenter\u00a0\u00bb header_3_line_height=\u00a0\u00bb1.3em\u00a0\u00bb header_3_font_size_tablet=\u00a0\u00bb\u00a0\u00bb header_3_font_size_phone=\u00a0\u00bb19px\u00a0\u00bb header_3_font_size_last_edited=\u00a0\u00bbon|phone\u00a0\u00bb global_colors_info=\u00a0\u00bb{}\u00a0\u00bb]<\/p>\n<h3>Avocat en droit de l\u2019urbanisme et permis de construire \u00e0 Bordeaux et Biaganos<\/h3>\n<p>[\/et_pb_text][\/et_pb_column][\/et_pb_row][\/et_pb_section][et_pb_section fb_built=\u00a0\u00bb1&Prime; custom_padding_last_edited=\u00a0\u00bbon|phone\u00a0\u00bb _builder_version=\u00a0\u00bb4.27.0&Prime; _module_preset=\u00a0\u00bbdefault\u00a0\u00bb custom_padding_tablet=\u00a0\u00bb\u00a0\u00bb custom_padding_phone=\u00a0\u00bb20px||20px||true|false\u00a0\u00bb global_colors_info=\u00a0\u00bb{}\u00a0\u00bb][et_pb_row column_structure=\u00a0\u00bb1_2,1_2&Prime; use_custom_gutter=\u00a0\u00bbon\u00a0\u00bb gutter_width=\u00a0\u00bb1&Prime; make_equal=\u00a0\u00bbon\u00a0\u00bb _builder_version=\u00a0\u00bb4.27.0&Prime; _module_preset=\u00a0\u00bbdefault\u00a0\u00bb background_color=\u00a0\u00bb#252351&Prime; width=\u00a0\u00bb94%\u00a0\u00bb max_width=\u00a0\u00bbnone\u00a0\u00bb custom_margin=\u00a0\u00bb0px||0px||true|false\u00a0\u00bb custom_padding=\u00a0\u00bb0px||0px||true|false\u00a0\u00bb animation_style=\u00a0\u00bbslide\u00a0\u00bb custom_css_main_element=\u00a0\u00bbalign-items: center;||\u00a0\u00bb border_radii=\u00a0\u00bboff||130px||130px\u00a0\u00bb global_colors_info=\u00a0\u00bb{}\u00a0\u00bb][et_pb_column type=\u00a0\u00bb1_2&Prime; _builder_version=\u00a0\u00bb4.27.0&Prime; _module_preset=\u00a0\u00bbdefault\u00a0\u00bb background_image=\u00a0\u00bbhttps:\/\/clravocat.fr\/wp-content\/uploads\/2024\/09\/Plan-de-travail-1-1.png\u00a0\u00bb custom_padding=\u00a0\u00bb480px||480px||true|false\u00a0\u00bb border_radii=\u00a0\u00bboff||||130px\u00a0\u00bb border_radii_last_edited=\u00a0\u00bboff|desktop\u00a0\u00bb global_colors_info=\u00a0\u00bb{}\u00a0\u00bb][\/et_pb_column][et_pb_column type=\u00a0\u00bb1_2&Prime; _builder_version=\u00a0\u00bb4.27.0&Prime; _module_preset=\u00a0\u00bbdefault\u00a0\u00bb background_enable_color=\u00a0\u00bboff\u00a0\u00bb custom_padding=\u00a0\u00bb0px|50px|0px|50px|true|true\u00a0\u00bb custom_padding_tablet=\u00a0\u00bb62px|50px|62px|50px|true|true\u00a0\u00bb custom_padding_phone=\u00a0\u00bb|30px||30px|true|true\u00a0\u00bb custom_padding_last_edited=\u00a0\u00bbon|desktop\u00a0\u00bb border_radii=\u00a0\u00bboff||130px||\u00a0\u00bb global_colors_info=\u00a0\u00bb{}\u00a0\u00bb][et_pb_text _builder_version=\u00a0\u00bb4.27.0&Prime; _module_preset=\u00a0\u00bbdefault\u00a0\u00bb header_2_font=\u00a0\u00bb|600||on|||||\u00a0\u00bb header_2_text_color=\u00a0\u00bb#FBE6E1&Prime; global_colors_info=\u00a0\u00bb{}\u00a0\u00bb]<\/p>\n<h2><span data-token-index=\"0\" class=\"notion-enable-hover\">Avocat en droit de l\u2019urbanisme<\/span><!-- notionvc: 21c00ee8-0e2d-4dbd-bbff-f8b64bad8c23 --><\/h2>\n<p>[\/et_pb_text][et_pb_divider color=\u00a0\u00bb#FBE6E1&Prime; divider_weight=\u00a0\u00bb2px\u00a0\u00bb _builder_version=\u00a0\u00bb4.27.0&Prime; _module_preset=\u00a0\u00bbdefault\u00a0\u00bb width=\u00a0\u00bb85%\u00a0\u00bb global_colors_info=\u00a0\u00bb{}\u00a0\u00bb][\/et_pb_divider][et_pb_text _builder_version=\u00a0\u00bb4.27.2&Prime; _module_preset=\u00a0\u00bbdefault\u00a0\u00bb text_text_color=\u00a0\u00bb#FBE6E1&Prime; text_orientation=\u00a0\u00bbjustified\u00a0\u00bb global_colors_info=\u00a0\u00bb{}\u00a0\u00bb]<\/p>\n<p>Le droit de l\u2019urbanisme recouvre de nombreuses probl\u00e9matiques concernant la construction, l\u2019am\u00e9nagement ou la r\u00e9alisation d\u2019un projet.<\/p>\n<p>Le plus souvent, la question du recours \u00e0 un avocat en droit de l\u2019urbanisme se pose lorsque vous avez une difficult\u00e9 relative \u00e0 un permis de construire, une d\u00e9claration pr\u00e9alable ou un permis d\u2019am\u00e9nager.<\/p>\n<p>Cette difficult\u00e9 peut avoir lieu pour obtenir une telle autorisation d\u2019urbanisme, parce que la mairie vous la refuse ; apr\u00e8s que vous ayez affich\u00e9 votre autorisation d\u2019urbanisme sur votre terrain, parce que votre voisin vous adresse un courrier pour la contester ; apr\u00e8s que votre voisin a affich\u00e9 son autorisation d\u2019urbanisme, parce que vous souhaitez la contester.<\/p>\n<p>Toutes ces situations sont assez courantes et n\u00e9cessitent de r\u00e9agir rapidement. En effet, les contestations de ces autorisations d\u2019urbanisme doivent \u00eatre faites dans un d\u00e9lai de deux mois apr\u00e8s r\u00e9ception du refus ou affichage de l\u2019autorisation, et en respectant une proc\u00e9dure pr\u00e9cise pour \u00eatre valable.<\/p>\n<p>Il est donc imp\u00e9ratif de vous entourer d\u2019un professionnel du droit, qui saura vous indiquer si un recours est opportun et le mettre en oeuvre le cas \u00e9ch\u00e9ant.<\/p>\n<p>L\u2019avocat en droit de l\u2019urbanisme vous accompagne \u00e9galement dans la d\u00e9finition de votre projet. Si vous souhaitez acheter un terrain ou une maison, et savoir quelles seront les autorisations \u00e0 obtenir et si votre projet est r\u00e9alisable, le cabinet r\u00e9alisera un audit pour vous expliquer les r\u00e8gles applicables.<\/p>\n<p>Le cabinet peut \u00e9galement vous accompagner dans la mise en oeuvre de votre projet lorsque vous souhaitez proc\u00e9der \u00e0 une modification de votre maison.<\/p>\n<p>Cela vous permettra de vous assurer de r\u00e9aliser votre projet dans les r\u00e8gles et de limiter les risques de contentieux avec la mairie et avec vos voisins.<!-- notionvc: d65bc489-64ee-4f68-88d7-499ef9d23ec7 --><\/p>\n<p><!-- notionvc: f507b66b-a55c-43fe-b69d-0c5b75506c68 --><\/p>\n<p>[\/et_pb_text][et_pb_button button_url=\u00a0\u00bb@ET-DC@eyJkeW5hbWljIjp0cnVlLCJjb250ZW50IjoicG9zdF9saW5rX3VybF9wYWdlIiwic2V0dGluZ3MiOnsicG9zdF9pZCI6IjM1In19@\u00a0\u00bb button_text=\u00a0\u00bbCONTACT\u00a0\u00bb button_alignment=\u00a0\u00bbcenter\u00a0\u00bb _builder_version=\u00a0\u00bb4.27.0&Prime; _dynamic_attributes=\u00a0\u00bbbutton_url\u00a0\u00bb _module_preset=\u00a0\u00bbdefault\u00a0\u00bb custom_button=\u00a0\u00bbon\u00a0\u00bb button_text_size=\u00a0\u00bb18px\u00a0\u00bb button_text_color=\u00a0\u00bb#252351&Prime; button_bg_color=\u00a0\u00bb#FBE6E1&Prime; button_border_width=\u00a0\u00bb0px\u00a0\u00bb custom_margin=\u00a0\u00bb10px||||false|false\u00a0\u00bb custom_padding=\u00a0\u00bb|30px||30px|false|true\u00a0\u00bb global_colors_info=\u00a0\u00bb{}\u00a0\u00bb button_border_radius__hover_enabled=\u00a0\u00bbon|hover\u00a0\u00bb button_border_radius__hover=\u00a0\u00bb70px\u00a0\u00bb][\/et_pb_button][\/et_pb_column][\/et_pb_row][\/et_pb_section]<\/p>\n","protected":false},"excerpt":{"rendered":"<p>Bordeaux &#8211; Biganos \/ Avocat en droit de l&rsquo;UrbanismeAVOCAT EN DROIT DE L&rsquo;URBANISMEAvocat en droit de l\u2019urbanisme et permis de construire \u00e0 Bordeaux et BiaganosAvocat en droit de l\u2019urbanismeLe droit de l\u2019urbanisme recouvre de nombreuses probl\u00e9matiques concernant la construction, l\u2019am\u00e9nagement ou la r\u00e9alisation d\u2019un projet. Le plus souvent, la question du recours \u00e0 un avocat [&hellip;]<\/p>\n","protected":false},"author":1,"featured_media":0,"parent":0,"menu_order":0,"comment_status":"closed","ping_status":"closed","template":"","meta":{"_et_pb_use_builder":"on","_et_pb_old_content":"<!-- wp:divi\/placeholder \/-->","_et_gb_content_width":"","footnotes":""},"class_list":["post-23","page","type-page","status-publish","hentry"],"yoast_head":"<!-- This site is optimized with the Yoast SEO plugin v27.4 - https:\/\/yoast.com\/product\/yoast-seo-wordpress\/ -->\n<title>Avocat urbanisme Bordeaux Gironde<\/title>\n<meta name=\"description\" content=\"Le Cabinet CLR Avocat vous accompagne dans vos probl\u00e9matiques li\u00e9es au droit de l&#039;urbanisme \u00e0 Bordeaux et sur toute la Gironde.\" \/>\n<meta name=\"robots\" content=\"index, follow, max-snippet:-1, max-image-preview:large, max-video-preview:-1\" \/>\n<link rel=\"canonical\" href=\"https:\/\/clravocat.fr\/en\/avocat-urbanisme-bordeaux\/\" \/>\n<meta property=\"og:locale\" content=\"en_GB\" \/>\n<meta property=\"og:type\" content=\"article\" \/>\n<meta property=\"og:title\" content=\"Avocat urbanisme Bordeaux Gironde\" \/>\n<meta property=\"og:description\" content=\"Le Cabinet CLR Avocat vous accompagne dans vos probl\u00e9matiques li\u00e9es au droit de l&#039;urbanisme \u00e0 Bordeaux et sur toute la Gironde.\" \/>\n<meta property=\"og:url\" content=\"https:\/\/clravocat.fr\/en\/avocat-urbanisme-bordeaux\/\" \/>\n<meta property=\"og:site_name\" content=\"Cl\u00e9mence Rad\u00e9 CLR Avocat\" \/>\n<meta property=\"article:modified_time\" content=\"2025-06-06T10:25:20+00:00\" \/>\n<meta name=\"twitter:card\" content=\"summary_large_image\" \/>\n<meta name=\"twitter:label1\" content=\"Estimated reading time\" \/>\n\t<meta name=\"twitter:data1\" content=\"2 minutes\" \/>\n<script type=\"application\/ld+json\" class=\"yoast-schema-graph\">{\"@context\":\"https:\\\/\\\/schema.org\",\"@graph\":[{\"@type\":\"WebPage\",\"@id\":\"https:\\\/\\\/clravocat.fr\\\/avocat-urbanisme-bordeaux\\\/\",\"url\":\"https:\\\/\\\/clravocat.fr\\\/avocat-urbanisme-bordeaux\\\/\",\"name\":\"Avocat urbanisme Bordeaux Gironde\",\"isPartOf\":{\"@id\":\"https:\\\/\\\/clravocat.fr\\\/#website\"},\"datePublished\":\"2024-09-05T08:19:35+00:00\",\"dateModified\":\"2025-06-06T10:25:20+00:00\",\"description\":\"Le Cabinet CLR Avocat vous accompagne dans vos probl\u00e9matiques li\u00e9es au droit de l'urbanisme \u00e0 Bordeaux et sur toute la Gironde.\",\"breadcrumb\":{\"@id\":\"https:\\\/\\\/clravocat.fr\\\/avocat-urbanisme-bordeaux\\\/#breadcrumb\"},\"inLanguage\":\"en-GB\",\"potentialAction\":[{\"@type\":\"ReadAction\",\"target\":[\"https:\\\/\\\/clravocat.fr\\\/avocat-urbanisme-bordeaux\\\/\"]}]},{\"@type\":\"BreadcrumbList\",\"@id\":\"https:\\\/\\\/clravocat.fr\\\/avocat-urbanisme-bordeaux\\\/#breadcrumb\",\"itemListElement\":[{\"@type\":\"ListItem\",\"position\":1,\"name\":\"Home\",\"item\":\"https:\\\/\\\/clravocat.fr\\\/\"},{\"@type\":\"ListItem\",\"position\":2,\"name\":\"Avocat en droit de l\u2019urbanisme\"}]},{\"@type\":\"WebSite\",\"@id\":\"https:\\\/\\\/clravocat.fr\\\/#website\",\"url\":\"https:\\\/\\\/clravocat.fr\\\/\",\"name\":\"Cl\u00e9mence Rad\u00e9 CLR Avocat\",\"description\":\"\",\"potentialAction\":[{\"@type\":\"SearchAction\",\"target\":{\"@type\":\"EntryPoint\",\"urlTemplate\":\"https:\\\/\\\/clravocat.fr\\\/?s={search_term_string}\"},\"query-input\":{\"@type\":\"PropertyValueSpecification\",\"valueRequired\":true,\"valueName\":\"search_term_string\"}}],\"inLanguage\":\"en-GB\"}]}<\/script>\n<!-- \/ Yoast SEO plugin. -->","yoast_head_json":{"title":"Avocat urbanisme Bordeaux Gironde","description":"Le Cabinet CLR Avocat vous accompagne dans vos probl\u00e9matiques li\u00e9es au droit de l'urbanisme \u00e0 Bordeaux et sur toute la Gironde.","robots":{"index":"index","follow":"follow","max-snippet":"max-snippet:-1","max-image-preview":"max-image-preview:large","max-video-preview":"max-video-preview:-1"},"canonical":"https:\/\/clravocat.fr\/en\/avocat-urbanisme-bordeaux\/","og_locale":"en_GB","og_type":"article","og_title":"Avocat urbanisme Bordeaux Gironde","og_description":"Le Cabinet CLR Avocat vous accompagne dans vos probl\u00e9matiques li\u00e9es au droit de l'urbanisme \u00e0 Bordeaux et sur toute la Gironde.","og_url":"https:\/\/clravocat.fr\/en\/avocat-urbanisme-bordeaux\/","og_site_name":"Cl\u00e9mence Rad\u00e9 CLR Avocat","article_modified_time":"2025-06-06T10:25:20+00:00","twitter_card":"summary_large_image","twitter_misc":{"Estimated reading time":"2 minutes"},"schema":{"@context":"https:\/\/schema.org","@graph":[{"@type":"WebPage","@id":"https:\/\/clravocat.fr\/avocat-urbanisme-bordeaux\/","url":"https:\/\/clravocat.fr\/avocat-urbanisme-bordeaux\/","name":"Avocat urbanisme Bordeaux Gironde","isPartOf":{"@id":"https:\/\/clravocat.fr\/#website"},"datePublished":"2024-09-05T08:19:35+00:00","dateModified":"2025-06-06T10:25:20+00:00","description":"Le Cabinet CLR Avocat vous accompagne dans vos probl\u00e9matiques li\u00e9es au droit de l'urbanisme \u00e0 Bordeaux et sur toute la Gironde.","breadcrumb":{"@id":"https:\/\/clravocat.fr\/avocat-urbanisme-bordeaux\/#breadcrumb"},"inLanguage":"en-GB","potentialAction":[{"@type":"ReadAction","target":["https:\/\/clravocat.fr\/avocat-urbanisme-bordeaux\/"]}]},{"@type":"BreadcrumbList","@id":"https:\/\/clravocat.fr\/avocat-urbanisme-bordeaux\/#breadcrumb","itemListElement":[{"@type":"ListItem","position":1,"name":"Home","item":"https:\/\/clravocat.fr\/"},{"@type":"ListItem","position":2,"name":"Avocat en droit de l\u2019urbanisme"}]},{"@type":"WebSite","@id":"https:\/\/clravocat.fr\/#website","url":"https:\/\/clravocat.fr\/","name":"Cl\u00e9mence Rad\u00e9 CLR Avocat","description":"","potentialAction":[{"@type":"SearchAction","target":{"@type":"EntryPoint","urlTemplate":"https:\/\/clravocat.fr\/?s={search_term_string}"},"query-input":{"@type":"PropertyValueSpecification","valueRequired":true,"valueName":"search_term_string"}}],"inLanguage":"en-GB"}]}},"_links":{"self":[{"href":"https:\/\/clravocat.fr\/en\/wp-json\/wp\/v2\/pages\/23","targetHints":{"allow":["GET"]}}],"collection":[{"href":"https:\/\/clravocat.fr\/en\/wp-json\/wp\/v2\/pages"}],"about":[{"href":"https:\/\/clravocat.fr\/en\/wp-json\/wp\/v2\/types\/page"}],"author":[{"embeddable":true,"href":"https:\/\/clravocat.fr\/en\/wp-json\/wp\/v2\/users\/1"}],"replies":[{"embeddable":true,"href":"https:\/\/clravocat.fr\/en\/wp-json\/wp\/v2\/comments?post=23"}],"version-history":[{"count":22,"href":"https:\/\/clravocat.fr\/en\/wp-json\/wp\/v2\/pages\/23\/revisions"}],"predecessor-version":[{"id":717,"href":"https:\/\/clravocat.fr\/en\/wp-json\/wp\/v2\/pages\/23\/revisions\/717"}],"wp:attachment":[{"href":"https:\/\/clravocat.fr\/en\/wp-json\/wp\/v2\/media?parent=23"}],"curies":[{"name":"wp","href":"https:\/\/api.w.org\/{rel}","templated":true}]}}