{"id":25,"date":"2024-09-05T10:19:57","date_gmt":"2024-09-05T08:19:57","guid":{"rendered":"https:\/\/clravocat.fr\/?page_id=25"},"modified":"2025-06-06T12:27:09","modified_gmt":"2025-06-06T10:27:09","slug":"avocat-immobilier-gironde","status":"publish","type":"page","link":"https:\/\/clravocat.fr\/en\/avocat-immobilier-gironde\/","title":{"rendered":"REAL ESTATE LAWYER"},"content":{"rendered":"<p>[et_pb_section fb_built=\u00a0\u00bb1&Prime; custom_padding_last_edited=\u00a0\u00bbon|tablet\u00a0\u00bb _builder_version=\u00a0\u00bb4.27.0&Prime; _module_preset=\u00a0\u00bbdefault\u00a0\u00bb background_color=\u00a0\u00bbrgba(251,230,225,0.75)\u00a0\u00bb background_image=\u00a0\u00bbhttps:\/\/clravocat.fr\/wp-content\/uploads\/2024\/09\/ACCUEIL.jpg\u00a0\u00bb background_blend=\u00a0\u00bboverlay\u00a0\u00bb custom_padding=\u00a0\u00bb140px||20px||false|false\u00a0\u00bb custom_padding_tablet=\u00a0\u00bb140px||0px||false|false\u00a0\u00bb custom_padding_phone=\u00a0\u00bb100px||20px||false|false\u00a0\u00bb global_colors_info=\u00a0\u00bb{}\u00a0\u00bb][et_pb_row custom_padding_last_edited=\u00a0\u00bbon|phone\u00a0\u00bb _builder_version=\u00a0\u00bb4.27.0&Prime; _module_preset=\u00a0\u00bbdefault\u00a0\u00bb width=\u00a0\u00bb90%\u00a0\u00bb max_width=\u00a0\u00bbnone\u00a0\u00bb custom_padding=\u00a0\u00bb||10px||false|false\u00a0\u00bb custom_padding_tablet=\u00a0\u00bb||10px||false|false\u00a0\u00bb custom_padding_phone=\u00a0\u00bb||10px||false|false\u00a0\u00bb global_colors_info=\u00a0\u00bb{}\u00a0\u00bb][et_pb_column type=\u00a0\u00bb4_4&Prime; _builder_version=\u00a0\u00bb4.27.0&Prime; _module_preset=\u00a0\u00bbdefault\u00a0\u00bb global_colors_info=\u00a0\u00bb{}\u00a0\u00bb][et_pb_text _builder_version=\u00a0\u00bb4.27.2&Prime; _module_preset=\u00a0\u00bbdefault\u00a0\u00bb text_font=\u00a0\u00bb|700|||||||\u00a0\u00bb text_text_color=\u00a0\u00bb#171538&Prime; hover_enabled=\u00a0\u00bb0&Prime; global_colors_info=\u00a0\u00bb{}\u00a0\u00bb sticky_enabled=\u00a0\u00bb0&Prime;]<\/p>\n<p>Bordeaux &#8211; Biganos \/ Avocat en droit de l&rsquo;Immobilier<\/p>\n<p>[\/et_pb_text][\/et_pb_column][\/et_pb_row][et_pb_row _builder_version=\u00a0\u00bb4.27.0&Prime; _module_preset=\u00a0\u00bbdefault\u00a0\u00bb width=\u00a0\u00bb100%\u00a0\u00bb max_width=\u00a0\u00bbnone\u00a0\u00bb custom_margin_tablet=\u00a0\u00bb\u00a0\u00bb custom_margin_phone=\u00a0\u00bb0px||0px||false|false\u00a0\u00bb custom_margin_last_edited=\u00a0\u00bbon|phone\u00a0\u00bb custom_padding=\u00a0\u00bb0px||0px||true|false\u00a0\u00bb global_colors_info=\u00a0\u00bb{}\u00a0\u00bb][et_pb_column type=\u00a0\u00bb4_4&Prime; _builder_version=\u00a0\u00bb4.27.0&Prime; _module_preset=\u00a0\u00bbdefault\u00a0\u00bb global_colors_info=\u00a0\u00bb{}\u00a0\u00bb][et_pb_divider color=\u00a0\u00bb#171538&Prime; divider_weight=\u00a0\u00bb2px\u00a0\u00bb _builder_version=\u00a0\u00bb4.27.0&Prime; _module_preset=\u00a0\u00bbdefault\u00a0\u00bb width_tablet=\u00a0\u00bb\u00a0\u00bb width_phone=\u00a0\u00bb\u00a0\u00bb width_last_edited=\u00a0\u00bbon|tablet\u00a0\u00bb max_width=\u00a0\u00bb27%\u00a0\u00bb max_width_tablet=\u00a0\u00bb50%\u00a0\u00bb max_width_phone=\u00a0\u00bb80%\u00a0\u00bb max_width_last_edited=\u00a0\u00bbon|tablet\u00a0\u00bb custom_margin_tablet=\u00a0\u00bb\u00a0\u00bb custom_margin_phone=\u00a0\u00bb||0px||false|false\u00a0\u00bb custom_margin_last_edited=\u00a0\u00bbon|phone\u00a0\u00bb custom_padding_tablet=\u00a0\u00bb\u00a0\u00bb custom_padding_phone=\u00a0\u00bb||0px||false|false\u00a0\u00bb custom_padding_last_edited=\u00a0\u00bbon|phone\u00a0\u00bb global_colors_info=\u00a0\u00bb{}\u00a0\u00bb][\/et_pb_divider][\/et_pb_column][\/et_pb_row][et_pb_row custom_padding_last_edited=\u00a0\u00bbon|phone\u00a0\u00bb _builder_version=\u00a0\u00bb4.27.0&Prime; _module_preset=\u00a0\u00bbdefault\u00a0\u00bb width=\u00a0\u00bb90%\u00a0\u00bb max_width=\u00a0\u00bbnone\u00a0\u00bb custom_margin_tablet=\u00a0\u00bb\u00a0\u00bb custom_margin_phone=\u00a0\u00bb0px||0px||true|false\u00a0\u00bb custom_margin_last_edited=\u00a0\u00bbon|phone\u00a0\u00bb custom_padding=\u00a0\u00bb10px||||false|false\u00a0\u00bb custom_padding_tablet=\u00a0\u00bb10px||||false|false\u00a0\u00bb custom_padding_phone=\u00a0\u00bb0px||||false|false\u00a0\u00bb global_colors_info=\u00a0\u00bb{}\u00a0\u00bb][et_pb_column type=\u00a0\u00bb4_4&Prime; _builder_version=\u00a0\u00bb4.27.0&Prime; _module_preset=\u00a0\u00bbdefault\u00a0\u00bb global_colors_info=\u00a0\u00bb{}\u00a0\u00bb][et_pb_text _builder_version=\u00a0\u00bb4.27.0&Prime; _module_preset=\u00a0\u00bbdefault\u00a0\u00bb header_font=\u00a0\u00bb|||on|||||\u00a0\u00bb header_text_color=\u00a0\u00bb#171538&Prime; header_font_size=\u00a0\u00bb60px\u00a0\u00bb header_font_size_tablet=\u00a0\u00bb60px\u00a0\u00bb header_font_size_phone=\u00a0\u00bb40px\u00a0\u00bb header_font_size_last_edited=\u00a0\u00bbon|phone\u00a0\u00bb global_colors_info=\u00a0\u00bb{}\u00a0\u00bb]<\/p>\n<h1><span data-token-index=\"0\" class=\"notion-enable-hover\">Avocat en droit immobilier<\/span><!-- notionvc: 07cefe5e-0afa-46ab-be8b-2b536fd30221 --><\/h1>\n<p>[\/et_pb_text][et_pb_button button_url=\u00a0\u00bb@ET-DC@eyJkeW5hbWljIjp0cnVlLCJjb250ZW50IjoicG9zdF9saW5rX3VybF9wYWdlIiwic2V0dGluZ3MiOnsicG9zdF9pZCI6IjM1In19@\u00a0\u00bb button_text=\u00a0\u00bbCONTACT\u00a0\u00bb _builder_version=\u00a0\u00bb4.27.0&Prime; _dynamic_attributes=\u00a0\u00bbbutton_url\u00a0\u00bb _module_preset=\u00a0\u00bbdefault\u00a0\u00bb custom_button=\u00a0\u00bbon\u00a0\u00bb button_text_size=\u00a0\u00bb18px\u00a0\u00bb button_text_color=\u00a0\u00bb#FBE6E1&Prime; button_bg_color=\u00a0\u00bb#171538&Prime; button_border_width=\u00a0\u00bb0px\u00a0\u00bb custom_padding=\u00a0\u00bb|50px||50px|false|true\u00a0\u00bb global_colors_info=\u00a0\u00bb{}\u00a0\u00bb button_border_radius__hover_enabled=\u00a0\u00bbon|hover\u00a0\u00bb button_border_radius__hover=\u00a0\u00bb70px\u00a0\u00bb][\/et_pb_button][\/et_pb_column][\/et_pb_row][\/et_pb_section][et_pb_section fb_built=\u00a0\u00bb1&Prime; custom_padding_last_edited=\u00a0\u00bbon|phone\u00a0\u00bb disabled_on=\u00a0\u00bboff|off|off\u00a0\u00bb _builder_version=\u00a0\u00bb4.27.2&Prime; _module_preset=\u00a0\u00bbdefault\u00a0\u00bb background_color=\u00a0\u00bb#FBE6E1&Prime; width=\u00a0\u00bb95%\u00a0\u00bb module_alignment=\u00a0\u00bbcenter\u00a0\u00bb custom_margin=\u00a0\u00bb30px||||false|false\u00a0\u00bb custom_padding=\u00a0\u00bb70px||70px||true|false\u00a0\u00bb custom_padding_tablet=\u00a0\u00bb50px||50px||true|false\u00a0\u00bb custom_padding_phone=\u00a0\u00bb30px||30px||true|false\u00a0\u00bb animation_style=\u00a0\u00bbslide\u00a0\u00bb animation_direction=\u00a0\u00bbright\u00a0\u00bb hover_enabled=\u00a0\u00bb0&Prime; border_radii=\u00a0\u00bboff|||250px|\u00a0\u00bb border_radii_tablet=\u00a0\u00bboff||||250px\u00a0\u00bb border_radii_phone=\u00a0\u00bboff||||120px\u00a0\u00bb border_radii_last_edited=\u00a0\u00bbon|phone\u00a0\u00bb locked=\u00a0\u00bboff\u00a0\u00bb global_colors_info=\u00a0\u00bb{}\u00a0\u00bb sticky_enabled=\u00a0\u00bb0&Prime;][et_pb_row custom_padding_last_edited=\u00a0\u00bbon|desktop\u00a0\u00bb _builder_version=\u00a0\u00bb4.27.2&Prime; _module_preset=\u00a0\u00bbdefault\u00a0\u00bb width=\u00a0\u00bb50%\u00a0\u00bb width_tablet=\u00a0\u00bb70%\u00a0\u00bb width_phone=\u00a0\u00bb70%\u00a0\u00bb width_last_edited=\u00a0\u00bbon|tablet\u00a0\u00bb custom_padding=\u00a0\u00bb0px||0px||false|false\u00a0\u00bb custom_padding_tablet=\u00a0\u00bb0px||||false|false\u00a0\u00bb custom_padding_phone=\u00a0\u00bb0px||0px||false|false\u00a0\u00bb global_colors_info=\u00a0\u00bb{}\u00a0\u00bb][et_pb_column type=\u00a0\u00bb4_4&Prime; _builder_version=\u00a0\u00bb4.27.2&Prime; _module_preset=\u00a0\u00bbdefault\u00a0\u00bb global_colors_info=\u00a0\u00bb{}\u00a0\u00bb][et_pb_text _builder_version=\u00a0\u00bb4.27.2&Prime; _module_preset=\u00a0\u00bbdefault\u00a0\u00bb header_3_font=\u00a0\u00bb&#8211;et_global_body_font|700|||||||\u00a0\u00bb header_3_text_align=\u00a0\u00bbcenter\u00a0\u00bb header_3_line_height=\u00a0\u00bb1.3em\u00a0\u00bb hover_enabled=\u00a0\u00bb0&Prime; header_3_font_size_tablet=\u00a0\u00bb\u00a0\u00bb header_3_font_size_phone=\u00a0\u00bb19px\u00a0\u00bb header_3_font_size_last_edited=\u00a0\u00bbon|phone\u00a0\u00bb global_colors_info=\u00a0\u00bb{}\u00a0\u00bb sticky_enabled=\u00a0\u00bb0&Prime;]<\/p>\n<h3>Avocat en droit de l&rsquo;Immobilier<\/h3>\n<p>[\/et_pb_text][\/et_pb_column][\/et_pb_row][\/et_pb_section][et_pb_section fb_built=\u00a0\u00bb1&Prime; custom_padding_last_edited=\u00a0\u00bbon|phone\u00a0\u00bb _builder_version=\u00a0\u00bb4.27.0&Prime; _module_preset=\u00a0\u00bbdefault\u00a0\u00bb custom_padding_tablet=\u00a0\u00bb\u00a0\u00bb custom_padding_phone=\u00a0\u00bb20px||20px||true|false\u00a0\u00bb global_colors_info=\u00a0\u00bb{}\u00a0\u00bb][et_pb_row column_structure=\u00a0\u00bb1_2,1_2&Prime; use_custom_gutter=\u00a0\u00bbon\u00a0\u00bb gutter_width=\u00a0\u00bb1&Prime; make_equal=\u00a0\u00bbon\u00a0\u00bb _builder_version=\u00a0\u00bb4.27.0&Prime; _module_preset=\u00a0\u00bbdefault\u00a0\u00bb background_color=\u00a0\u00bb#252351&Prime; width=\u00a0\u00bb95%\u00a0\u00bb width_tablet=\u00a0\u00bb95%\u00a0\u00bb width_phone=\u00a0\u00bb94%\u00a0\u00bb width_last_edited=\u00a0\u00bbon|phone\u00a0\u00bb max_width=\u00a0\u00bbnone\u00a0\u00bb custom_padding=\u00a0\u00bb0px||0px||true|false\u00a0\u00bb animation_style=\u00a0\u00bbslide\u00a0\u00bb custom_css_main_element=\u00a0\u00bbalign-items: center;||\u00a0\u00bb border_radii=\u00a0\u00bboff||130px||130px\u00a0\u00bb global_colors_info=\u00a0\u00bb{}\u00a0\u00bb][et_pb_column type=\u00a0\u00bb1_2&Prime; _builder_version=\u00a0\u00bb4.27.0&Prime; _module_preset=\u00a0\u00bbdefault\u00a0\u00bb background_image=\u00a0\u00bbhttps:\/\/clravocat.fr\/wp-content\/uploads\/2024\/09\/IMMO.jpg\u00a0\u00bb custom_padding=\u00a0\u00bb616px||616px||true|false\u00a0\u00bb border_radii=\u00a0\u00bboff||||130px\u00a0\u00bb border_radii_last_edited=\u00a0\u00bboff|desktop\u00a0\u00bb global_colors_info=\u00a0\u00bb{}\u00a0\u00bb][\/et_pb_column][et_pb_column type=\u00a0\u00bb1_2&Prime; _builder_version=\u00a0\u00bb4.27.0&Prime; _module_preset=\u00a0\u00bbdefault\u00a0\u00bb background_color=\u00a0\u00bb#252351&Prime; custom_padding=\u00a0\u00bb62px|50px|62px|50px|true|true\u00a0\u00bb custom_padding_tablet=\u00a0\u00bb62px|50px|62px|50px|true|true\u00a0\u00bb custom_padding_phone=\u00a0\u00bb|40px||40px|true|true\u00a0\u00bb custom_padding_last_edited=\u00a0\u00bbon|phone\u00a0\u00bb border_radii=\u00a0\u00bboff||130px||\u00a0\u00bb global_colors_info=\u00a0\u00bb{}\u00a0\u00bb][et_pb_text _builder_version=\u00a0\u00bb4.27.0&Prime; _module_preset=\u00a0\u00bbdefault\u00a0\u00bb header_2_font=\u00a0\u00bb|600||on|||||\u00a0\u00bb header_2_text_color=\u00a0\u00bb#FBE6E1&Prime; global_colors_info=\u00a0\u00bb{}\u00a0\u00bb]<\/p>\n<h2><span data-token-index=\"0\" class=\"notion-enable-hover\">Avocat en droit immobilier<\/span><!-- notionvc: 57079492-1c7e-4c13-ba5f-88d20d002cdb --><br \/><!-- notionvc: 21c00ee8-0e2d-4dbd-bbff-f8b64bad8c23 --><\/h2>\n<p>[\/et_pb_text][et_pb_divider color=\u00a0\u00bb#FBE6E1&Prime; divider_weight=\u00a0\u00bb2px\u00a0\u00bb _builder_version=\u00a0\u00bb4.27.0&Prime; _module_preset=\u00a0\u00bbdefault\u00a0\u00bb width=\u00a0\u00bb75%\u00a0\u00bb global_colors_info=\u00a0\u00bb{}\u00a0\u00bb][\/et_pb_divider][et_pb_text _builder_version=\u00a0\u00bb4.27.0&Prime; _module_preset=\u00a0\u00bbdefault\u00a0\u00bb text_text_color=\u00a0\u00bb#FBE6E1&Prime; text_orientation=\u00a0\u00bbjustified\u00a0\u00bb global_colors_info=\u00a0\u00bb{}\u00a0\u00bb]<\/p>\n<p>Le droit immobilier recouvre de nombreuses probl\u00e9matiques en lien avec la gestion des immeubles (appartement, maison, terrain).<\/p>\n<p>La premi\u00e8re probl\u00e9matique concerne les ventes immobili\u00e8res. Lorsque vous \u00eates vendeurs ou acqu\u00e9reurs, des difficult\u00e9s peuvent survenir dans le cadre de la signature d\u00e9finitive de la vente. Il est alors imp\u00e9ratif d\u2019\u00eatre bien accompagn\u00e9 pour \u00e9viter toute perte de temps et d\u2019argent inutile.<\/p>\n<p>Tout d\u2019abord, il est possible que la vente n\u2019aboutisse pas car l\u2019acqu\u00e9reur n\u2019a pas obtenu le financement n\u00e9cessaire \u00e0 la r\u00e9alisation du projet. Dans cette situation, il faudra alors faire jouer les conditions suspensives qui auront \u00e9t\u00e9 pr\u00e9vues dans le cadre du compromis de vente. Cependant, il faut s\u2019assurer que tous les crit\u00e8res soient bien remplis pour b\u00e9n\u00e9ficier de cette condition suspensive. A d\u00e9faut, une indemnisation peut \u00eatre due par l\u2019acqu\u00e9reur au vendeur pour compenser le temps perdu, il s\u2019agit de la clause p\u00e9nale ou de l\u2019indemnit\u00e9 d\u2019immobilisation.<\/p>\n<p>Une fois la vente sign\u00e9e, des difficult\u00e9s peuvent survenir si l\u2019acqu\u00e9reur consid\u00e8re que des d\u00e9fauts lui ont \u00e9t\u00e9 dissimul\u00e9s par le vendeur. Dans ces conditions, le recours \u00e0 l\u2019avocat en droit immobilier permet de conna\u00eetre le droit applicable et les \u00e9tapes \u00e0 mettre en oeuvre pour la suite de la proc\u00e9dure, selon que vous soyez acqu\u00e9reur ou vendeur.<\/p>\n<p>Au del\u00e0 des probl\u00e9matiques en lien avec les ventes immobili\u00e8res, le droit immobilier recouvre \u00e9galement les difficult\u00e9s li\u00e9es \u00e0 la mise en location de votre bien, qu\u2019il s\u2019agisse de location saisonni\u00e8re type AIRBNB ou de location annuelle pour l\u2019habitation.<\/p>\n<p>Pour mettre en location de fa\u00e7on saisonni\u00e8re de type AIRBNB, de nombreuses obligations doivent d\u00e9sormais \u00eatre respect\u00e9es. Il est donc imp\u00e9ratif de vous rapprocher d\u2019un avocat afin que ce dernier vous informe sur les d\u00e9marches \u00e0 mettre en oeuvre et vous permettre d\u2019\u00eatre en r\u00e8gle pour commencer votre activit\u00e9.<\/p>\n<p>Pour la location annuelle classique, vous pouvez avoir besoin d\u2019aide pour la r\u00e9daction du contrat de bail, pour y mettre un terme lorsque vous souhaitez vendre le bien ou lorsque votre locataire ne paie plus ses loyers. Le cabinet vous accompagne alors pour mettre un terme \u00e0 cette situation le plus rapidement possible.<\/p>\n<p>Enfin, le droit immobilier recouvre \u00e9galement la gestion des immeubles en copropri\u00e9t\u00e9. Le cabinet peut vous accompagner lorsque certains copropri\u00e9taires ne r\u00e8glent pas leurs appels de charges ou lorsque la copropri\u00e9t\u00e9 connait des difficult\u00e9s juridiques.<!-- notionvc: b0579f4b-844a-4c0d-bac2-c7704bf64312 --><\/p>\n<p><!-- notionvc: 67d7fd55-8d23-4c5c-a86e-261944616585 --><\/p>\n<p><!-- notionvc: d65bc489-64ee-4f68-88d7-499ef9d23ec7 --><\/p>\n<p><!-- notionvc: f507b66b-a55c-43fe-b69d-0c5b75506c68 --><\/p>\n<p>[\/et_pb_text][et_pb_button button_url=\u00a0\u00bb@ET-DC@eyJkeW5hbWljIjp0cnVlLCJjb250ZW50IjoicG9zdF9saW5rX3VybF9wYWdlIiwic2V0dGluZ3MiOnsicG9zdF9pZCI6IjM1In19@\u00a0\u00bb button_text=\u00a0\u00bbCONTACT\u00a0\u00bb button_alignment=\u00a0\u00bbcenter\u00a0\u00bb _builder_version=\u00a0\u00bb4.27.0&Prime; _dynamic_attributes=\u00a0\u00bbbutton_url\u00a0\u00bb _module_preset=\u00a0\u00bbdefault\u00a0\u00bb custom_button=\u00a0\u00bbon\u00a0\u00bb button_text_size=\u00a0\u00bb18px\u00a0\u00bb button_text_color=\u00a0\u00bb#252351&Prime; button_bg_color=\u00a0\u00bb#FBE6E1&Prime; button_border_width=\u00a0\u00bb0px\u00a0\u00bb custom_margin=\u00a0\u00bb10px||||false|false\u00a0\u00bb custom_padding=\u00a0\u00bb|30px||30px|false|true\u00a0\u00bb button_border_radius_last_edited=\u00a0\u00bboff|desktop\u00a0\u00bb global_colors_info=\u00a0\u00bb{}\u00a0\u00bb button_border_radius__hover_enabled=\u00a0\u00bbon|hover\u00a0\u00bb button_border_radius__hover=\u00a0\u00bb70px\u00a0\u00bb][\/et_pb_button][\/et_pb_column][\/et_pb_row][\/et_pb_section]<\/p>\n","protected":false},"excerpt":{"rendered":"<p>Bordeaux &#8211; Biganos \/ Avocat en droit de l&rsquo;ImmobilierAvocat en droit immobilierAvocat en droit de l&rsquo;ImmobilierAvocat en droit immobilierLe droit immobilier recouvre de nombreuses probl\u00e9matiques en lien avec la gestion des immeubles (appartement, maison, terrain). La premi\u00e8re probl\u00e9matique concerne les ventes immobili\u00e8res. Lorsque vous \u00eates vendeurs ou acqu\u00e9reurs, des difficult\u00e9s peuvent survenir dans le cadre [&hellip;]<\/p>\n","protected":false},"author":1,"featured_media":0,"parent":0,"menu_order":0,"comment_status":"closed","ping_status":"closed","template":"","meta":{"_et_pb_use_builder":"on","_et_pb_old_content":"<!-- wp:divi\/placeholder \/-->","_et_gb_content_width":"","footnotes":""},"class_list":["post-25","page","type-page","status-publish","hentry"],"yoast_head":"<!-- This site is optimized with the Yoast SEO plugin v27.4 - https:\/\/yoast.com\/product\/yoast-seo-wordpress\/ -->\n<title>Avocat en droit de l&#039;immobilier en Gironde<\/title>\n<meta name=\"description\" content=\"Le Cabinet CLR Avocat vous accompagne dans vos probl\u00e9matiques li\u00e9es au droit de l&#039;immobilier \u00e0 Bordeaux et en Gironde.\" \/>\n<meta name=\"robots\" content=\"index, follow, max-snippet:-1, max-image-preview:large, max-video-preview:-1\" \/>\n<link rel=\"canonical\" href=\"https:\/\/clravocat.fr\/en\/avocat-immobilier-gironde\/\" \/>\n<meta property=\"og:locale\" content=\"en_GB\" \/>\n<meta property=\"og:type\" content=\"article\" \/>\n<meta property=\"og:title\" content=\"Avocat en droit de l&#039;immobilier en Gironde\" \/>\n<meta property=\"og:description\" content=\"Le Cabinet CLR Avocat vous accompagne dans vos probl\u00e9matiques li\u00e9es au droit de l&#039;immobilier \u00e0 Bordeaux et en Gironde.\" \/>\n<meta property=\"og:url\" content=\"https:\/\/clravocat.fr\/en\/avocat-immobilier-gironde\/\" \/>\n<meta property=\"og:site_name\" content=\"Cl\u00e9mence Rad\u00e9 CLR Avocat\" \/>\n<meta property=\"article:modified_time\" content=\"2025-06-06T10:27:09+00:00\" \/>\n<meta name=\"twitter:card\" content=\"summary_large_image\" \/>\n<meta name=\"twitter:label1\" content=\"Estimated reading time\" \/>\n\t<meta name=\"twitter:data1\" content=\"3 minutes\" \/>\n<script type=\"application\/ld+json\" class=\"yoast-schema-graph\">{\"@context\":\"https:\\\/\\\/schema.org\",\"@graph\":[{\"@type\":\"WebPage\",\"@id\":\"https:\\\/\\\/clravocat.fr\\\/avocat-immobilier-gironde\\\/\",\"url\":\"https:\\\/\\\/clravocat.fr\\\/avocat-immobilier-gironde\\\/\",\"name\":\"Avocat en droit de l'immobilier en Gironde\",\"isPartOf\":{\"@id\":\"https:\\\/\\\/clravocat.fr\\\/#website\"},\"datePublished\":\"2024-09-05T08:19:57+00:00\",\"dateModified\":\"2025-06-06T10:27:09+00:00\",\"description\":\"Le Cabinet CLR Avocat vous accompagne dans vos probl\u00e9matiques li\u00e9es au droit de l'immobilier \u00e0 Bordeaux et en Gironde.\",\"breadcrumb\":{\"@id\":\"https:\\\/\\\/clravocat.fr\\\/avocat-immobilier-gironde\\\/#breadcrumb\"},\"inLanguage\":\"en-GB\",\"potentialAction\":[{\"@type\":\"ReadAction\",\"target\":[\"https:\\\/\\\/clravocat.fr\\\/avocat-immobilier-gironde\\\/\"]}]},{\"@type\":\"BreadcrumbList\",\"@id\":\"https:\\\/\\\/clravocat.fr\\\/avocat-immobilier-gironde\\\/#breadcrumb\",\"itemListElement\":[{\"@type\":\"ListItem\",\"position\":1,\"name\":\"Home\",\"item\":\"https:\\\/\\\/clravocat.fr\\\/\"},{\"@type\":\"ListItem\",\"position\":2,\"name\":\"Avocat en droit de l\u2019immobilier\"}]},{\"@type\":\"WebSite\",\"@id\":\"https:\\\/\\\/clravocat.fr\\\/#website\",\"url\":\"https:\\\/\\\/clravocat.fr\\\/\",\"name\":\"Cl\u00e9mence Rad\u00e9 CLR Avocat\",\"description\":\"\",\"potentialAction\":[{\"@type\":\"SearchAction\",\"target\":{\"@type\":\"EntryPoint\",\"urlTemplate\":\"https:\\\/\\\/clravocat.fr\\\/?s={search_term_string}\"},\"query-input\":{\"@type\":\"PropertyValueSpecification\",\"valueRequired\":true,\"valueName\":\"search_term_string\"}}],\"inLanguage\":\"en-GB\"}]}<\/script>\n<!-- \/ Yoast SEO plugin. -->","yoast_head_json":{"title":"Avocat en droit de l'immobilier en Gironde","description":"Le Cabinet CLR Avocat vous accompagne dans vos probl\u00e9matiques li\u00e9es au droit de l'immobilier \u00e0 Bordeaux et en Gironde.","robots":{"index":"index","follow":"follow","max-snippet":"max-snippet:-1","max-image-preview":"max-image-preview:large","max-video-preview":"max-video-preview:-1"},"canonical":"https:\/\/clravocat.fr\/en\/avocat-immobilier-gironde\/","og_locale":"en_GB","og_type":"article","og_title":"Avocat en droit de l'immobilier en Gironde","og_description":"Le Cabinet CLR Avocat vous accompagne dans vos probl\u00e9matiques li\u00e9es au droit de l'immobilier \u00e0 Bordeaux et en Gironde.","og_url":"https:\/\/clravocat.fr\/en\/avocat-immobilier-gironde\/","og_site_name":"Cl\u00e9mence Rad\u00e9 CLR Avocat","article_modified_time":"2025-06-06T10:27:09+00:00","twitter_card":"summary_large_image","twitter_misc":{"Estimated reading time":"3 minutes"},"schema":{"@context":"https:\/\/schema.org","@graph":[{"@type":"WebPage","@id":"https:\/\/clravocat.fr\/avocat-immobilier-gironde\/","url":"https:\/\/clravocat.fr\/avocat-immobilier-gironde\/","name":"Avocat en droit de l'immobilier en Gironde","isPartOf":{"@id":"https:\/\/clravocat.fr\/#website"},"datePublished":"2024-09-05T08:19:57+00:00","dateModified":"2025-06-06T10:27:09+00:00","description":"Le Cabinet CLR Avocat vous accompagne dans vos probl\u00e9matiques li\u00e9es au droit de l'immobilier \u00e0 Bordeaux et en Gironde.","breadcrumb":{"@id":"https:\/\/clravocat.fr\/avocat-immobilier-gironde\/#breadcrumb"},"inLanguage":"en-GB","potentialAction":[{"@type":"ReadAction","target":["https:\/\/clravocat.fr\/avocat-immobilier-gironde\/"]}]},{"@type":"BreadcrumbList","@id":"https:\/\/clravocat.fr\/avocat-immobilier-gironde\/#breadcrumb","itemListElement":[{"@type":"ListItem","position":1,"name":"Home","item":"https:\/\/clravocat.fr\/"},{"@type":"ListItem","position":2,"name":"Avocat en droit de l\u2019immobilier"}]},{"@type":"WebSite","@id":"https:\/\/clravocat.fr\/#website","url":"https:\/\/clravocat.fr\/","name":"Cl\u00e9mence Rad\u00e9 CLR Avocat","description":"","potentialAction":[{"@type":"SearchAction","target":{"@type":"EntryPoint","urlTemplate":"https:\/\/clravocat.fr\/?s={search_term_string}"},"query-input":{"@type":"PropertyValueSpecification","valueRequired":true,"valueName":"search_term_string"}}],"inLanguage":"en-GB"}]}},"_links":{"self":[{"href":"https:\/\/clravocat.fr\/en\/wp-json\/wp\/v2\/pages\/25","targetHints":{"allow":["GET"]}}],"collection":[{"href":"https:\/\/clravocat.fr\/en\/wp-json\/wp\/v2\/pages"}],"about":[{"href":"https:\/\/clravocat.fr\/en\/wp-json\/wp\/v2\/types\/page"}],"author":[{"embeddable":true,"href":"https:\/\/clravocat.fr\/en\/wp-json\/wp\/v2\/users\/1"}],"replies":[{"embeddable":true,"href":"https:\/\/clravocat.fr\/en\/wp-json\/wp\/v2\/comments?post=25"}],"version-history":[{"count":16,"href":"https:\/\/clravocat.fr\/en\/wp-json\/wp\/v2\/pages\/25\/revisions"}],"predecessor-version":[{"id":719,"href":"https:\/\/clravocat.fr\/en\/wp-json\/wp\/v2\/pages\/25\/revisions\/719"}],"wp:attachment":[{"href":"https:\/\/clravocat.fr\/en\/wp-json\/wp\/v2\/media?parent=25"}],"curies":[{"name":"wp","href":"https:\/\/api.w.org\/{rel}","templated":true}]}}