{"id":27,"date":"2024-09-05T10:20:24","date_gmt":"2024-09-05T08:20:24","guid":{"rendered":"https:\/\/clravocat.fr\/?page_id=27"},"modified":"2025-06-06T12:28:54","modified_gmt":"2025-06-06T10:28:54","slug":"avocat-droit-construction-bordeaux","status":"publish","type":"page","link":"https:\/\/clravocat.fr\/en\/avocat-droit-construction-bordeaux\/","title":{"rendered":"Construction Law Attorney"},"content":{"rendered":"<p>[et_pb_section fb_built=\u00a0\u00bb1&Prime; custom_padding_last_edited=\u00a0\u00bbon|tablet\u00a0\u00bb _builder_version=\u00a0\u00bb4.27.0&Prime; _module_preset=\u00a0\u00bbdefault\u00a0\u00bb background_color=\u00a0\u00bbrgba(251,230,225,0.75)\u00a0\u00bb background_image=\u00a0\u00bbhttps:\/\/clravocat.fr\/wp-content\/uploads\/2024\/09\/ACCUEIL.jpg\u00a0\u00bb background_blend=\u00a0\u00bboverlay\u00a0\u00bb custom_padding=\u00a0\u00bb140px||20px||false|false\u00a0\u00bb custom_padding_tablet=\u00a0\u00bb140px||0px||false|false\u00a0\u00bb custom_padding_phone=\u00a0\u00bb100px||20px||false|false\u00a0\u00bb global_colors_info=\u00a0\u00bb{}\u00a0\u00bb][et_pb_row custom_padding_last_edited=\u00a0\u00bbon|phone\u00a0\u00bb _builder_version=\u00a0\u00bb4.27.0&Prime; _module_preset=\u00a0\u00bbdefault\u00a0\u00bb width=\u00a0\u00bb90%\u00a0\u00bb max_width=\u00a0\u00bbnone\u00a0\u00bb custom_padding=\u00a0\u00bb||10px||false|false\u00a0\u00bb custom_padding_tablet=\u00a0\u00bb||10px||false|false\u00a0\u00bb custom_padding_phone=\u00a0\u00bb||10px||false|false\u00a0\u00bb global_colors_info=\u00a0\u00bb{}\u00a0\u00bb][et_pb_column type=\u00a0\u00bb4_4&Prime; _builder_version=\u00a0\u00bb4.27.0&Prime; _module_preset=\u00a0\u00bbdefault\u00a0\u00bb global_colors_info=\u00a0\u00bb{}\u00a0\u00bb][et_pb_text _builder_version=\u00a0\u00bb4.27.2&Prime; _module_preset=\u00a0\u00bbdefault\u00a0\u00bb text_font=\u00a0\u00bb|700|||||||\u00a0\u00bb text_text_color=\u00a0\u00bb#171538&Prime; hover_enabled=\u00a0\u00bb0&Prime; global_colors_info=\u00a0\u00bb{}\u00a0\u00bb sticky_enabled=\u00a0\u00bb0&Prime;]<\/p>\n<p>Bordeaux &#8211; Biganos \/ Avocat en droit de la construction<\/p>\n<p>[\/et_pb_text][\/et_pb_column][\/et_pb_row][et_pb_row _builder_version=\u00a0\u00bb4.27.0&Prime; _module_preset=\u00a0\u00bbdefault\u00a0\u00bb width=\u00a0\u00bb100%\u00a0\u00bb max_width=\u00a0\u00bbnone\u00a0\u00bb custom_margin_tablet=\u00a0\u00bb\u00a0\u00bb custom_margin_phone=\u00a0\u00bb0px||0px||false|false\u00a0\u00bb custom_margin_last_edited=\u00a0\u00bbon|phone\u00a0\u00bb custom_padding=\u00a0\u00bb0px||0px||true|false\u00a0\u00bb global_colors_info=\u00a0\u00bb{}\u00a0\u00bb][et_pb_column type=\u00a0\u00bb4_4&Prime; _builder_version=\u00a0\u00bb4.27.0&Prime; _module_preset=\u00a0\u00bbdefault\u00a0\u00bb global_colors_info=\u00a0\u00bb{}\u00a0\u00bb][et_pb_divider color=\u00a0\u00bb#171538&Prime; divider_weight=\u00a0\u00bb2px\u00a0\u00bb _builder_version=\u00a0\u00bb4.27.0&Prime; _module_preset=\u00a0\u00bbdefault\u00a0\u00bb width_tablet=\u00a0\u00bb\u00a0\u00bb width_phone=\u00a0\u00bb\u00a0\u00bb width_last_edited=\u00a0\u00bbon|tablet\u00a0\u00bb max_width=\u00a0\u00bb27%\u00a0\u00bb max_width_tablet=\u00a0\u00bb50%\u00a0\u00bb max_width_phone=\u00a0\u00bb80%\u00a0\u00bb max_width_last_edited=\u00a0\u00bbon|tablet\u00a0\u00bb custom_margin_tablet=\u00a0\u00bb\u00a0\u00bb custom_margin_phone=\u00a0\u00bb||0px||false|false\u00a0\u00bb custom_margin_last_edited=\u00a0\u00bbon|phone\u00a0\u00bb custom_padding_tablet=\u00a0\u00bb\u00a0\u00bb custom_padding_phone=\u00a0\u00bb||0px||false|false\u00a0\u00bb custom_padding_last_edited=\u00a0\u00bbon|phone\u00a0\u00bb global_colors_info=\u00a0\u00bb{}\u00a0\u00bb][\/et_pb_divider][\/et_pb_column][\/et_pb_row][et_pb_row custom_padding_last_edited=\u00a0\u00bbon|phone\u00a0\u00bb _builder_version=\u00a0\u00bb4.27.0&Prime; _module_preset=\u00a0\u00bbdefault\u00a0\u00bb width=\u00a0\u00bb90%\u00a0\u00bb max_width=\u00a0\u00bbnone\u00a0\u00bb custom_margin_tablet=\u00a0\u00bb\u00a0\u00bb custom_margin_phone=\u00a0\u00bb0px||0px||true|false\u00a0\u00bb custom_margin_last_edited=\u00a0\u00bbon|phone\u00a0\u00bb custom_padding=\u00a0\u00bb10px||||false|false\u00a0\u00bb custom_padding_tablet=\u00a0\u00bb10px||||false|false\u00a0\u00bb custom_padding_phone=\u00a0\u00bb0px||||false|false\u00a0\u00bb global_colors_info=\u00a0\u00bb{}\u00a0\u00bb][et_pb_column type=\u00a0\u00bb4_4&Prime; _builder_version=\u00a0\u00bb4.27.0&Prime; _module_preset=\u00a0\u00bbdefault\u00a0\u00bb global_colors_info=\u00a0\u00bb{}\u00a0\u00bb][et_pb_text _builder_version=\u00a0\u00bb4.27.0&Prime; _module_preset=\u00a0\u00bbdefault\u00a0\u00bb header_font=\u00a0\u00bb|||on|||||\u00a0\u00bb header_text_color=\u00a0\u00bb#171538&Prime; header_font_size=\u00a0\u00bb60px\u00a0\u00bb header_font_size_tablet=\u00a0\u00bb60px\u00a0\u00bb header_font_size_phone=\u00a0\u00bb40px\u00a0\u00bb header_font_size_last_edited=\u00a0\u00bbon|phone\u00a0\u00bb global_colors_info=\u00a0\u00bb{}\u00a0\u00bb]<\/p>\n<h1><span data-token-index=\"0\" class=\"notion-enable-hover\">Avocat en droit de la construction<\/span><!-- notionvc: 46fc790d-c017-4ea7-9d23-66f538595b55 --><br \/><!-- notionvc: 07cefe5e-0afa-46ab-be8b-2b536fd30221 --><\/h1>\n<p>[\/et_pb_text][et_pb_button button_url=\u00a0\u00bb@ET-DC@eyJkeW5hbWljIjp0cnVlLCJjb250ZW50IjoicG9zdF9saW5rX3VybF9wYWdlIiwic2V0dGluZ3MiOnsicG9zdF9pZCI6IjM1In19@\u00a0\u00bb button_text=\u00a0\u00bbCONTACT\u00a0\u00bb _builder_version=\u00a0\u00bb4.27.0&Prime; _dynamic_attributes=\u00a0\u00bbbutton_url\u00a0\u00bb _module_preset=\u00a0\u00bbdefault\u00a0\u00bb custom_button=\u00a0\u00bbon\u00a0\u00bb button_text_size=\u00a0\u00bb18px\u00a0\u00bb button_text_color=\u00a0\u00bb#FBE6E1&Prime; button_bg_color=\u00a0\u00bb#171538&Prime; button_border_width=\u00a0\u00bb0px\u00a0\u00bb custom_padding=\u00a0\u00bb|50px||50px|false|true\u00a0\u00bb global_colors_info=\u00a0\u00bb{}\u00a0\u00bb button_border_radius__hover_enabled=\u00a0\u00bbon|hover\u00a0\u00bb button_border_radius__hover=\u00a0\u00bb70px\u00a0\u00bb][\/et_pb_button][\/et_pb_column][\/et_pb_row][\/et_pb_section][et_pb_section fb_built=\u00a0\u00bb1&Prime; custom_padding_last_edited=\u00a0\u00bbon|phone\u00a0\u00bb disabled_on=\u00a0\u00bboff|off|off\u00a0\u00bb _builder_version=\u00a0\u00bb4.27.2&Prime; _module_preset=\u00a0\u00bbdefault\u00a0\u00bb background_color=\u00a0\u00bb#FBE6E1&Prime; width=\u00a0\u00bb95%\u00a0\u00bb module_alignment=\u00a0\u00bbcenter\u00a0\u00bb custom_margin=\u00a0\u00bb30px||||false|false\u00a0\u00bb custom_padding=\u00a0\u00bb70px||70px||true|false\u00a0\u00bb custom_padding_tablet=\u00a0\u00bb50px||50px||true|false\u00a0\u00bb custom_padding_phone=\u00a0\u00bb30px||30px||true|false\u00a0\u00bb animation_style=\u00a0\u00bbslide\u00a0\u00bb animation_direction=\u00a0\u00bbright\u00a0\u00bb hover_enabled=\u00a0\u00bb0&Prime; border_radii=\u00a0\u00bboff|||250px|\u00a0\u00bb border_radii_tablet=\u00a0\u00bboff||||250px\u00a0\u00bb border_radii_phone=\u00a0\u00bboff||||120px\u00a0\u00bb border_radii_last_edited=\u00a0\u00bbon|phone\u00a0\u00bb locked=\u00a0\u00bboff\u00a0\u00bb global_colors_info=\u00a0\u00bb{}\u00a0\u00bb sticky_enabled=\u00a0\u00bb0&Prime;][et_pb_row custom_padding_last_edited=\u00a0\u00bbon|desktop\u00a0\u00bb _builder_version=\u00a0\u00bb4.27.0&Prime; _module_preset=\u00a0\u00bbdefault\u00a0\u00bb width=\u00a0\u00bb50%\u00a0\u00bb width_tablet=\u00a0\u00bb70%\u00a0\u00bb width_phone=\u00a0\u00bb70%\u00a0\u00bb width_last_edited=\u00a0\u00bbon|tablet\u00a0\u00bb custom_padding=\u00a0\u00bb0px||0px||false|false\u00a0\u00bb custom_padding_tablet=\u00a0\u00bb0px||||false|false\u00a0\u00bb custom_padding_phone=\u00a0\u00bb0px||0px||false|false\u00a0\u00bb global_colors_info=\u00a0\u00bb{}\u00a0\u00bb][et_pb_column type=\u00a0\u00bb4_4&Prime; _builder_version=\u00a0\u00bb4.27.0&Prime; _module_preset=\u00a0\u00bbdefault\u00a0\u00bb global_colors_info=\u00a0\u00bb{}\u00a0\u00bb][et_pb_text _builder_version=\u00a0\u00bb4.27.0&Prime; _module_preset=\u00a0\u00bbdefault\u00a0\u00bb header_3_font=\u00a0\u00bb&#8211;et_global_body_font|700|||||||\u00a0\u00bb header_3_text_align=\u00a0\u00bbcenter\u00a0\u00bb header_3_line_height=\u00a0\u00bb1.3em\u00a0\u00bb header_3_font_size_tablet=\u00a0\u00bb\u00a0\u00bb header_3_font_size_phone=\u00a0\u00bb19px\u00a0\u00bb header_3_font_size_last_edited=\u00a0\u00bbon|phone\u00a0\u00bb global_colors_info=\u00a0\u00bb{}\u00a0\u00bb]<\/p>\n<h3><span data-token-index=\"0\" class=\"notion-enable-hover\">Avocat en droit de la construction \u00e0 Bordeaux<\/span><!-- notionvc: 46fc790d-c017-4ea7-9d23-66f538595b55 --><\/h3>\n<p>[\/et_pb_text][\/et_pb_column][\/et_pb_row][\/et_pb_section][et_pb_section fb_built=\u00a0\u00bb1&Prime; custom_padding_last_edited=\u00a0\u00bbon|phone\u00a0\u00bb _builder_version=\u00a0\u00bb4.27.0&Prime; _module_preset=\u00a0\u00bbdefault\u00a0\u00bb custom_padding_tablet=\u00a0\u00bb\u00a0\u00bb custom_padding_phone=\u00a0\u00bb20px||20px||true|false\u00a0\u00bb global_colors_info=\u00a0\u00bb{}\u00a0\u00bb][et_pb_row column_structure=\u00a0\u00bb1_2,1_2&Prime; use_custom_gutter=\u00a0\u00bbon\u00a0\u00bb gutter_width=\u00a0\u00bb1&Prime; make_equal=\u00a0\u00bbon\u00a0\u00bb _builder_version=\u00a0\u00bb4.27.0&Prime; _module_preset=\u00a0\u00bbdefault\u00a0\u00bb background_color=\u00a0\u00bb#252351&Prime; width=\u00a0\u00bb94%\u00a0\u00bb max_width=\u00a0\u00bbnone\u00a0\u00bb custom_padding=\u00a0\u00bb0px||0px||true|false\u00a0\u00bb animation_style=\u00a0\u00bbslide\u00a0\u00bb custom_css_main_element=\u00a0\u00bbalign-items: center;||\u00a0\u00bb border_radii=\u00a0\u00bboff|130px||130px|\u00a0\u00bb global_colors_info=\u00a0\u00bb{}\u00a0\u00bb][et_pb_column type=\u00a0\u00bb1_2&Prime; _builder_version=\u00a0\u00bb4.27.0&Prime; _module_preset=\u00a0\u00bbdefault\u00a0\u00bb background_image=\u00a0\u00bbhttps:\/\/clravocat.fr\/wp-content\/uploads\/2024\/09\/DROIT-CONSTRUCTION.jpg\u00a0\u00bb custom_padding=\u00a0\u00bb397px||398px||false|false\u00a0\u00bb border_radii=\u00a0\u00bboff|130px|||\u00a0\u00bb border_radii_last_edited=\u00a0\u00bboff|desktop\u00a0\u00bb global_colors_info=\u00a0\u00bb{}\u00a0\u00bb][\/et_pb_column][et_pb_column type=\u00a0\u00bb1_2&Prime; _builder_version=\u00a0\u00bb4.27.0&Prime; _module_preset=\u00a0\u00bbdefault\u00a0\u00bb background_color=\u00a0\u00bb#252351&Prime; custom_padding=\u00a0\u00bb62px|50px|62px|50px|true|true\u00a0\u00bb custom_padding_tablet=\u00a0\u00bb62px|50px|62px|50px|true|true\u00a0\u00bb custom_padding_phone=\u00a0\u00bb|30px||30px|true|true\u00a0\u00bb custom_padding_last_edited=\u00a0\u00bbon|phone\u00a0\u00bb border_radii=\u00a0\u00bboff|||130px|\u00a0\u00bb global_colors_info=\u00a0\u00bb{}\u00a0\u00bb][et_pb_text _builder_version=\u00a0\u00bb4.27.0&Prime; _module_preset=\u00a0\u00bbdefault\u00a0\u00bb header_2_font=\u00a0\u00bb|600||on|||||\u00a0\u00bb header_2_text_color=\u00a0\u00bb#FBE6E1&Prime; global_colors_info=\u00a0\u00bb{}\u00a0\u00bb]<\/p>\n<h2><span data-token-index=\"0\" class=\"notion-enable-hover\">Avocat en droit de la construction<\/span><!-- notionvc: 46fc790d-c017-4ea7-9d23-66f538595b55 --><br \/><!-- notionvc: 21c00ee8-0e2d-4dbd-bbff-f8b64bad8c23 --><\/h2>\n<p>[\/et_pb_text][et_pb_divider color=\u00a0\u00bb#FBE6E1&Prime; divider_weight=\u00a0\u00bb2px\u00a0\u00bb _builder_version=\u00a0\u00bb4.27.0&Prime; _module_preset=\u00a0\u00bbdefault\u00a0\u00bb width=\u00a0\u00bb98%\u00a0\u00bb global_colors_info=\u00a0\u00bb{}\u00a0\u00bb][\/et_pb_divider][et_pb_text _builder_version=\u00a0\u00bb4.27.0&Prime; _module_preset=\u00a0\u00bbdefault\u00a0\u00bb text_text_color=\u00a0\u00bb#FBE6E1&Prime; text_orientation=\u00a0\u00bbjustified\u00a0\u00bb global_colors_info=\u00a0\u00bb{}\u00a0\u00bb]<\/p>\n<p>Le droit de la construction regroupe diff\u00e9rentes probl\u00e9matiques en lien avec la r\u00e9alisation de travaux.<\/p>\n<p>Tout d\u2019abord, lorsque vous faites r\u00e9aliser des travaux \u00e0 votre domicile, il peut arriver que vous rencontriez des difficult\u00e9s dans leur ex\u00e9cution : le chantier prend du retard, il n\u2019est pas termin\u00e9, il y a des malfa\u00e7ons\u2026 Afin de maximiser vos chances de voir votre chantier se terminer dans de bonnes conditions, il est conseill\u00e9 de prendre attache le plus rapidement possible avec le cabinet, et ce afin que toutes les \u00e9tapes n\u00e9cessaires puissent \u00eatre mises en oeuvre pour permettre une reprise des travaux dans de bonnes conditions.<\/p>\n<p>Naturellement, le cabinet accompagne \u00e9galement les entreprises qui rencontreraient des difficult\u00e9s sur leur chantier et qui n\u00e9cessiteraient d\u2019\u00eatre accompagn\u00e9es.<\/p>\n<p>Le droit de la construction recouvre \u00e9galement la construction de maisons neuves ou d\u2019appartements neufs, par le biais d\u2019un contrat de construction de maison individuelle, ou d\u2019une vente en l\u2019\u00e9tat futur d\u2019ach\u00e8vement.<\/p>\n<p>Le cabinet vous accompagne en cas de difficult\u00e9s rencontr\u00e9es \u00e0 cette occasion : retard de livraison, abandon de chantier, malfa\u00e7ons ou r\u00e9serves non lev\u00e9es.<\/p>\n<p>Enfin, le cabinet accompagne \u00e9galement les entreprises dans la gestion et le recouvrement de leurs factures impay\u00e9es, aupr\u00e8s de leurs clients ou fournisseurs.<!-- notionvc: 67d7fd55-8d23-4c5c-a86e-261944616585 --><!-- notionvc: d65bc489-64ee-4f68-88d7-499ef9d23ec7 --><!-- notionvc: b0579f4b-844a-4c0d-bac2-c7704bf64312 --><!-- notionvc: 1268ba07-14b9-4212-b812-dfa6c5c91482 --><\/p>\n<p><!-- notionvc: f507b66b-a55c-43fe-b69d-0c5b75506c68 --><\/p>\n<p>[\/et_pb_text][et_pb_button button_url=\u00a0\u00bb@ET-DC@eyJkeW5hbWljIjp0cnVlLCJjb250ZW50IjoicG9zdF9saW5rX3VybF9wYWdlIiwic2V0dGluZ3MiOnsicG9zdF9pZCI6IjM1In19@\u00a0\u00bb button_text=\u00a0\u00bbCONTACT\u00a0\u00bb button_alignment=\u00a0\u00bbcenter\u00a0\u00bb _builder_version=\u00a0\u00bb4.27.0&Prime; _dynamic_attributes=\u00a0\u00bbbutton_url\u00a0\u00bb _module_preset=\u00a0\u00bbdefault\u00a0\u00bb custom_button=\u00a0\u00bbon\u00a0\u00bb button_text_size=\u00a0\u00bb18px\u00a0\u00bb button_text_color=\u00a0\u00bb#252351&Prime; button_bg_color=\u00a0\u00bb#FBE6E1&Prime; button_border_width=\u00a0\u00bb0px\u00a0\u00bb custom_margin=\u00a0\u00bb10px||||false|false\u00a0\u00bb custom_padding=\u00a0\u00bb|30px||30px|false|true\u00a0\u00bb global_colors_info=\u00a0\u00bb{}\u00a0\u00bb button_border_radius__hover_enabled=\u00a0\u00bbon|hover\u00a0\u00bb button_border_radius__hover=\u00a0\u00bb70px\u00a0\u00bb][\/et_pb_button][\/et_pb_column][\/et_pb_row][\/et_pb_section]<\/p>\n","protected":false},"excerpt":{"rendered":"<p>Bordeaux &#8211; Biganos \/ Avocat en droit de la constructionAvocat en droit de la constructionAvocat en droit de la construction \u00e0 BordeauxAvocat en droit de la constructionLe droit de la construction regroupe diff\u00e9rentes probl\u00e9matiques en lien avec la r\u00e9alisation de travaux. Tout d\u2019abord, lorsque vous faites r\u00e9aliser des travaux \u00e0 votre domicile, il peut arriver [&hellip;]<\/p>\n","protected":false},"author":1,"featured_media":0,"parent":0,"menu_order":0,"comment_status":"closed","ping_status":"closed","template":"","meta":{"_et_pb_use_builder":"on","_et_pb_old_content":"<!-- wp:divi\/placeholder \/-->","_et_gb_content_width":"","footnotes":""},"class_list":["post-27","page","type-page","status-publish","hentry"],"yoast_head":"<!-- This site is optimized with the Yoast SEO plugin v27.4 - https:\/\/yoast.com\/product\/yoast-seo-wordpress\/ -->\n<title>Avocat droit construction Bordeaux<\/title>\n<meta name=\"description\" content=\"Le Cabinet CLR Avocat vous accompagne dans vos probl\u00e9matiques li\u00e9es au droit de la construction \u00e0 Bordeaux et en Gironde.\" \/>\n<meta name=\"robots\" content=\"index, follow, max-snippet:-1, max-image-preview:large, max-video-preview:-1\" \/>\n<link rel=\"canonical\" href=\"https:\/\/clravocat.fr\/en\/avocat-droit-construction-bordeaux\/\" \/>\n<meta property=\"og:locale\" content=\"en_GB\" \/>\n<meta property=\"og:type\" content=\"article\" \/>\n<meta property=\"og:title\" content=\"Avocat droit construction Bordeaux\" \/>\n<meta property=\"og:description\" content=\"Le Cabinet CLR Avocat vous accompagne dans vos probl\u00e9matiques li\u00e9es au droit de la construction \u00e0 Bordeaux et en Gironde.\" \/>\n<meta property=\"og:url\" content=\"https:\/\/clravocat.fr\/en\/avocat-droit-construction-bordeaux\/\" \/>\n<meta property=\"og:site_name\" content=\"Cl\u00e9mence Rad\u00e9 CLR Avocat\" \/>\n<meta property=\"article:modified_time\" content=\"2025-06-06T10:28:54+00:00\" \/>\n<meta name=\"twitter:card\" content=\"summary_large_image\" \/>\n<meta name=\"twitter:label1\" content=\"Estimated reading time\" \/>\n\t<meta name=\"twitter:data1\" content=\"2 minutes\" \/>\n<script type=\"application\/ld+json\" class=\"yoast-schema-graph\">{\"@context\":\"https:\\\/\\\/schema.org\",\"@graph\":[{\"@type\":\"WebPage\",\"@id\":\"https:\\\/\\\/clravocat.fr\\\/avocat-droit-construction-bordeaux\\\/\",\"url\":\"https:\\\/\\\/clravocat.fr\\\/avocat-droit-construction-bordeaux\\\/\",\"name\":\"Avocat droit construction Bordeaux\",\"isPartOf\":{\"@id\":\"https:\\\/\\\/clravocat.fr\\\/#website\"},\"datePublished\":\"2024-09-05T08:20:24+00:00\",\"dateModified\":\"2025-06-06T10:28:54+00:00\",\"description\":\"Le Cabinet CLR Avocat vous accompagne dans vos probl\u00e9matiques li\u00e9es au droit de la construction \u00e0 Bordeaux et en Gironde.\",\"breadcrumb\":{\"@id\":\"https:\\\/\\\/clravocat.fr\\\/avocat-droit-construction-bordeaux\\\/#breadcrumb\"},\"inLanguage\":\"en-GB\",\"potentialAction\":[{\"@type\":\"ReadAction\",\"target\":[\"https:\\\/\\\/clravocat.fr\\\/avocat-droit-construction-bordeaux\\\/\"]}]},{\"@type\":\"BreadcrumbList\",\"@id\":\"https:\\\/\\\/clravocat.fr\\\/avocat-droit-construction-bordeaux\\\/#breadcrumb\",\"itemListElement\":[{\"@type\":\"ListItem\",\"position\":1,\"name\":\"Home\",\"item\":\"https:\\\/\\\/clravocat.fr\\\/\"},{\"@type\":\"ListItem\",\"position\":2,\"name\":\"Avocat en droit de la construction\"}]},{\"@type\":\"WebSite\",\"@id\":\"https:\\\/\\\/clravocat.fr\\\/#website\",\"url\":\"https:\\\/\\\/clravocat.fr\\\/\",\"name\":\"Cl\u00e9mence Rad\u00e9 CLR Avocat\",\"description\":\"\",\"potentialAction\":[{\"@type\":\"SearchAction\",\"target\":{\"@type\":\"EntryPoint\",\"urlTemplate\":\"https:\\\/\\\/clravocat.fr\\\/?s={search_term_string}\"},\"query-input\":{\"@type\":\"PropertyValueSpecification\",\"valueRequired\":true,\"valueName\":\"search_term_string\"}}],\"inLanguage\":\"en-GB\"}]}<\/script>\n<!-- \/ Yoast SEO plugin. -->","yoast_head_json":{"title":"Avocat droit construction Bordeaux","description":"Le Cabinet CLR Avocat vous accompagne dans vos probl\u00e9matiques li\u00e9es au droit de la construction \u00e0 Bordeaux et en Gironde.","robots":{"index":"index","follow":"follow","max-snippet":"max-snippet:-1","max-image-preview":"max-image-preview:large","max-video-preview":"max-video-preview:-1"},"canonical":"https:\/\/clravocat.fr\/en\/avocat-droit-construction-bordeaux\/","og_locale":"en_GB","og_type":"article","og_title":"Avocat droit construction Bordeaux","og_description":"Le Cabinet CLR Avocat vous accompagne dans vos probl\u00e9matiques li\u00e9es au droit de la construction \u00e0 Bordeaux et en Gironde.","og_url":"https:\/\/clravocat.fr\/en\/avocat-droit-construction-bordeaux\/","og_site_name":"Cl\u00e9mence Rad\u00e9 CLR Avocat","article_modified_time":"2025-06-06T10:28:54+00:00","twitter_card":"summary_large_image","twitter_misc":{"Estimated reading time":"2 minutes"},"schema":{"@context":"https:\/\/schema.org","@graph":[{"@type":"WebPage","@id":"https:\/\/clravocat.fr\/avocat-droit-construction-bordeaux\/","url":"https:\/\/clravocat.fr\/avocat-droit-construction-bordeaux\/","name":"Avocat droit construction Bordeaux","isPartOf":{"@id":"https:\/\/clravocat.fr\/#website"},"datePublished":"2024-09-05T08:20:24+00:00","dateModified":"2025-06-06T10:28:54+00:00","description":"Le Cabinet CLR Avocat vous accompagne dans vos probl\u00e9matiques li\u00e9es au droit de la construction \u00e0 Bordeaux et en Gironde.","breadcrumb":{"@id":"https:\/\/clravocat.fr\/avocat-droit-construction-bordeaux\/#breadcrumb"},"inLanguage":"en-GB","potentialAction":[{"@type":"ReadAction","target":["https:\/\/clravocat.fr\/avocat-droit-construction-bordeaux\/"]}]},{"@type":"BreadcrumbList","@id":"https:\/\/clravocat.fr\/avocat-droit-construction-bordeaux\/#breadcrumb","itemListElement":[{"@type":"ListItem","position":1,"name":"Home","item":"https:\/\/clravocat.fr\/"},{"@type":"ListItem","position":2,"name":"Avocat en droit de la construction"}]},{"@type":"WebSite","@id":"https:\/\/clravocat.fr\/#website","url":"https:\/\/clravocat.fr\/","name":"Cl\u00e9mence Rad\u00e9 CLR Avocat","description":"","potentialAction":[{"@type":"SearchAction","target":{"@type":"EntryPoint","urlTemplate":"https:\/\/clravocat.fr\/?s={search_term_string}"},"query-input":{"@type":"PropertyValueSpecification","valueRequired":true,"valueName":"search_term_string"}}],"inLanguage":"en-GB"}]}},"_links":{"self":[{"href":"https:\/\/clravocat.fr\/en\/wp-json\/wp\/v2\/pages\/27","targetHints":{"allow":["GET"]}}],"collection":[{"href":"https:\/\/clravocat.fr\/en\/wp-json\/wp\/v2\/pages"}],"about":[{"href":"https:\/\/clravocat.fr\/en\/wp-json\/wp\/v2\/types\/page"}],"author":[{"embeddable":true,"href":"https:\/\/clravocat.fr\/en\/wp-json\/wp\/v2\/users\/1"}],"replies":[{"embeddable":true,"href":"https:\/\/clravocat.fr\/en\/wp-json\/wp\/v2\/comments?post=27"}],"version-history":[{"count":14,"href":"https:\/\/clravocat.fr\/en\/wp-json\/wp\/v2\/pages\/27\/revisions"}],"predecessor-version":[{"id":720,"href":"https:\/\/clravocat.fr\/en\/wp-json\/wp\/v2\/pages\/27\/revisions\/720"}],"wp:attachment":[{"href":"https:\/\/clravocat.fr\/en\/wp-json\/wp\/v2\/media?parent=27"}],"curies":[{"name":"wp","href":"https:\/\/api.w.org\/{rel}","templated":true}]}}