{"id":296,"date":"2024-09-12T14:18:06","date_gmt":"2024-09-12T12:18:06","guid":{"rendered":"https:\/\/clravocat.fr\/?page_id=296"},"modified":"2025-06-06T09:50:46","modified_gmt":"2025-06-06T07:50:46","slug":"protection-des-donnees","status":"publish","type":"page","link":"https:\/\/clravocat.fr\/en\/protection-des-donnees\/","title":{"rendered":"Data protection"},"content":{"rendered":"<p>[et_pb_section fb_built=\u00a0\u00bb1&Prime; custom_padding_last_edited=\u00a0\u00bbon|tablet\u00a0\u00bb _builder_version=\u00a0\u00bb4.27.0&Prime; _module_preset=\u00a0\u00bbdefault\u00a0\u00bb background_color=\u00a0\u00bbrgba(251,230,225,0.75)\u00a0\u00bb background_image=\u00a0\u00bbhttps:\/\/clravocat.fr\/wp-content\/uploads\/2024\/09\/ACCUEIL.jpg\u00a0\u00bb background_blend=\u00a0\u00bboverlay\u00a0\u00bb custom_padding=\u00a0\u00bb140px||20px||false|false\u00a0\u00bb custom_padding_tablet=\u00a0\u00bb140px||0px||false|false\u00a0\u00bb custom_padding_phone=\u00a0\u00bb100px||20px||false|false\u00a0\u00bb global_colors_info=\u00a0\u00bb{}\u00a0\u00bb][et_pb_row custom_padding_last_edited=\u00a0\u00bbon|phone\u00a0\u00bb _builder_version=\u00a0\u00bb4.27.0&Prime; _module_preset=\u00a0\u00bbdefault\u00a0\u00bb width=\u00a0\u00bb90%\u00a0\u00bb max_width=\u00a0\u00bbnone\u00a0\u00bb custom_padding=\u00a0\u00bb||10px||false|false\u00a0\u00bb custom_padding_tablet=\u00a0\u00bb||10px||false|false\u00a0\u00bb custom_padding_phone=\u00a0\u00bb||10px||false|false\u00a0\u00bb global_colors_info=\u00a0\u00bb{}\u00a0\u00bb][et_pb_column type=\u00a0\u00bb4_4&Prime; _builder_version=\u00a0\u00bb4.27.0&Prime; _module_preset=\u00a0\u00bbdefault\u00a0\u00bb global_colors_info=\u00a0\u00bb{}\u00a0\u00bb][et_pb_text _builder_version=\u00a0\u00bb4.27.0&Prime; _module_preset=\u00a0\u00bbdefault\u00a0\u00bb text_font=\u00a0\u00bb|700|||||||\u00a0\u00bb text_text_color=\u00a0\u00bb#171538&Prime; global_colors_info=\u00a0\u00bb{}\u00a0\u00bb]<\/p>\n<p>Bordeaux &#8211; Biganos \/ Avocat Urbanisme<\/p>\n<p>[\/et_pb_text][\/et_pb_column][\/et_pb_row][et_pb_row _builder_version=\u00a0\u00bb4.27.0&Prime; _module_preset=\u00a0\u00bbdefault\u00a0\u00bb width=\u00a0\u00bb100%\u00a0\u00bb max_width=\u00a0\u00bbnone\u00a0\u00bb custom_margin_tablet=\u00a0\u00bb\u00a0\u00bb custom_margin_phone=\u00a0\u00bb0px||0px||false|false\u00a0\u00bb custom_margin_last_edited=\u00a0\u00bbon|phone\u00a0\u00bb custom_padding=\u00a0\u00bb0px||0px||true|false\u00a0\u00bb global_colors_info=\u00a0\u00bb{}\u00a0\u00bb][et_pb_column type=\u00a0\u00bb4_4&Prime; _builder_version=\u00a0\u00bb4.27.0&Prime; _module_preset=\u00a0\u00bbdefault\u00a0\u00bb global_colors_info=\u00a0\u00bb{}\u00a0\u00bb][et_pb_divider color=\u00a0\u00bb#171538&Prime; divider_weight=\u00a0\u00bb2px\u00a0\u00bb _builder_version=\u00a0\u00bb4.27.0&Prime; _module_preset=\u00a0\u00bbdefault\u00a0\u00bb width_tablet=\u00a0\u00bb\u00a0\u00bb width_phone=\u00a0\u00bb\u00a0\u00bb width_last_edited=\u00a0\u00bbon|tablet\u00a0\u00bb max_width=\u00a0\u00bb27%\u00a0\u00bb max_width_tablet=\u00a0\u00bb50%\u00a0\u00bb max_width_phone=\u00a0\u00bb80%\u00a0\u00bb max_width_last_edited=\u00a0\u00bbon|tablet\u00a0\u00bb custom_margin_tablet=\u00a0\u00bb\u00a0\u00bb custom_margin_phone=\u00a0\u00bb||0px||false|false\u00a0\u00bb custom_margin_last_edited=\u00a0\u00bbon|phone\u00a0\u00bb custom_padding_tablet=\u00a0\u00bb\u00a0\u00bb custom_padding_phone=\u00a0\u00bb||0px||false|false\u00a0\u00bb custom_padding_last_edited=\u00a0\u00bbon|phone\u00a0\u00bb global_colors_info=\u00a0\u00bb{}\u00a0\u00bb][\/et_pb_divider][\/et_pb_column][\/et_pb_row][et_pb_row custom_padding_last_edited=\u00a0\u00bbon|phone\u00a0\u00bb _builder_version=\u00a0\u00bb4.27.0&Prime; _module_preset=\u00a0\u00bbdefault\u00a0\u00bb width=\u00a0\u00bb90%\u00a0\u00bb max_width=\u00a0\u00bbnone\u00a0\u00bb custom_margin_tablet=\u00a0\u00bb\u00a0\u00bb custom_margin_phone=\u00a0\u00bb0px||0px||true|false\u00a0\u00bb custom_margin_last_edited=\u00a0\u00bbon|phone\u00a0\u00bb custom_padding=\u00a0\u00bb10px||||false|false\u00a0\u00bb custom_padding_tablet=\u00a0\u00bb10px||||false|false\u00a0\u00bb custom_padding_phone=\u00a0\u00bb0px||||false|false\u00a0\u00bb global_colors_info=\u00a0\u00bb{}\u00a0\u00bb][et_pb_column type=\u00a0\u00bb4_4&Prime; _builder_version=\u00a0\u00bb4.27.0&Prime; _module_preset=\u00a0\u00bbdefault\u00a0\u00bb global_colors_info=\u00a0\u00bb{}\u00a0\u00bb][et_pb_text _builder_version=\u00a0\u00bb4.27.0&Prime; _module_preset=\u00a0\u00bbdefault\u00a0\u00bb header_text_color=\u00a0\u00bb#171538&Prime; header_font_size=\u00a0\u00bb60px\u00a0\u00bb header_font_size_tablet=\u00a0\u00bb60px\u00a0\u00bb header_font_size_phone=\u00a0\u00bb40px\u00a0\u00bb header_font_size_last_edited=\u00a0\u00bbon|phone\u00a0\u00bb global_colors_info=\u00a0\u00bb{}\u00a0\u00bb]<\/p>\n<h1>PROTECTION DES DONN\u00c9ES<\/h1>\n<p>[\/et_pb_text][et_pb_button button_url=\u00a0\u00bb@ET-DC@eyJkeW5hbWljIjp0cnVlLCJjb250ZW50IjoicG9zdF9saW5rX3VybF9wYWdlIiwic2V0dGluZ3MiOnsicG9zdF9pZCI6IjM1In19@\u00a0\u00bb button_text=\u00a0\u00bbCONTACT\u00a0\u00bb _builder_version=\u00a0\u00bb4.27.0&Prime; _dynamic_attributes=\u00a0\u00bbbutton_url\u00a0\u00bb _module_preset=\u00a0\u00bbdefault\u00a0\u00bb custom_button=\u00a0\u00bbon\u00a0\u00bb button_text_size=\u00a0\u00bb18px\u00a0\u00bb button_text_color=\u00a0\u00bb#FBE6E1&Prime; button_bg_color=\u00a0\u00bb#171538&Prime; button_border_width=\u00a0\u00bb0px\u00a0\u00bb custom_padding=\u00a0\u00bb|50px||50px|false|true\u00a0\u00bb global_colors_info=\u00a0\u00bb{}\u00a0\u00bb button_border_radius__hover_enabled=\u00a0\u00bbon|hover\u00a0\u00bb button_border_radius__hover=\u00a0\u00bb70px\u00a0\u00bb][\/et_pb_button][\/et_pb_column][\/et_pb_row][\/et_pb_section][et_pb_section fb_built=\u00a0\u00bb1&Prime; custom_padding_last_edited=\u00a0\u00bbon|phone\u00a0\u00bb _builder_version=\u00a0\u00bb4.27.0&Prime; _module_preset=\u00a0\u00bbdefault\u00a0\u00bb custom_padding_tablet=\u00a0\u00bb\u00a0\u00bb custom_padding_phone=\u00a0\u00bb20px||20px||true|false\u00a0\u00bb global_colors_info=\u00a0\u00bb{}\u00a0\u00bb][et_pb_row _builder_version=\u00a0\u00bb4.27.0&Prime; _module_preset=\u00a0\u00bbdefault\u00a0\u00bb global_colors_info=\u00a0\u00bb{}\u00a0\u00bb][et_pb_column type=\u00a0\u00bb4_4&Prime; _builder_version=\u00a0\u00bb4.27.0&Prime; _module_preset=\u00a0\u00bbdefault\u00a0\u00bb global_colors_info=\u00a0\u00bb{}\u00a0\u00bb][et_pb_text _builder_version=\u00a0\u00bb4.27.2&Prime; _module_preset=\u00a0\u00bbdefault\u00a0\u00bb hover_enabled=\u00a0\u00bb0&Prime; global_colors_info=\u00a0\u00bb{}\u00a0\u00bb sticky_enabled=\u00a0\u00bb0&Prime;]<\/p>\n<div class=\"blog-post \">\n<div class=\"container\">\n<article id=\"post-170\" class=\"section section-text\">\n<div class=\"row\">\n<div class=\"col-md-8 page-content-wrap  col-md-offset-2\">\n<p>Le cabinet met en \u0153uvre des traitements de donn\u00e9es \u00e0 caract\u00e8re personnel.<\/p>\n<p>Les traitements de donn\u00e9es \u00e0 caract\u00e8re personnel mis en \u0153uvre ont pour base juridique:<\/p>\n<ul>\n<li>L\u2019int\u00e9r\u00eat l\u00e9gitime poursuivi par le cabinet lorsqu\u2019il poursuit les finalit\u00e9s suivantes :<\/li>\n<li>Prospection et animation ;<\/li>\n<li>Gestion de la relation avec ses clients et prospects ;<\/li>\n<li>Organisation, inscription et invitation aux \u00e9v\u00e9nements du cabinet. o l\u2019ex\u00e9cution de mesures pr\u00e9contractuelles ou du contrat lorsqu\u2019il met en \u0153uvre un traitement ayant pour finalit\u00e9 :<\/li>\n<li>La production, la gestion, le suivi des dossiers de ses clients ;<\/li>\n<li>Le recouvrement.<\/li>\n<li>Le respect d\u2019obligations l\u00e9gales et r\u00e9glementaires lorsqu\u2019il met en \u0153uvre un traitement ayant pour finalit\u00e9 :<\/li>\n<li>La pr\u00e9vention du blanchiment et du financement du terrorisme et la lutte contre la corruption ;<\/li>\n<li>La facturation ;<\/li>\n<li>La comptabilit\u00e9.<\/li>\n<\/ul>\n<p>Le cabinet ne conserve les donn\u00e9es que pour la dur\u00e9e n\u00e9cessaire aux op\u00e9rations pour lesquelles elles ont \u00e9t\u00e9 collect\u00e9es ainsi que dans le respect de la r\u00e8glementation en vigueur.<\/p>\n<p>A cet \u00e9gard, les donn\u00e9es des clients sont conserv\u00e9es pendant la dur\u00e9e des relations contractuelles augment\u00e9e de 3 ans \u00e0 des fins d\u2019animation et prospection, sans pr\u00e9judice des obligations de conservation ou des d\u00e9lais de prescription. En mati\u00e8re de pr\u00e9vention du blanchiment et du financement du terrorisme, les donn\u00e9es sont conserv\u00e9es 5 ans apr\u00e8s la fin des relations avec le cabinet. En mati\u00e8re de comptabilit\u00e9, elles sont conserv\u00e9es 10 ans \u00e0 compter de la cl\u00f4ture de l\u2019exercice comptable. Les donn\u00e9es des prospects sont conserv\u00e9es pendant une dur\u00e9e de 3 ans si aucune participation ou inscription aux \u00e9v\u00e9nements du cabinet n\u2019a eu lieu.<\/p>\n<p>Les donn\u00e9es trait\u00e9es sont destin\u00e9es aux personnes habilit\u00e9es du cabinet, ainsi qu\u2019\u00e0 ses prestataires.<\/p>\n<p>Dans les conditions d\u00e9finies par la loi Informatique et libert\u00e9s et le r\u00e8glement europ\u00e9en sur la protection des donn\u00e9es, les personnes physiques disposent d\u2019un droit d\u2019acc\u00e8s aux donn\u00e9es les concernant, de rectification, d\u2019interrogation, de limitation, de portabilit\u00e9, d\u2019effacement.<\/p>\n<p>Les personnes concern\u00e9es par les traitements mis en \u0153uvre disposent \u00e9galement d\u2019un droit de s\u2019opposer \u00e0 tout moment, pour des raisons tenant \u00e0 leur situation particuli\u00e8re, \u00e0 un traitement des donn\u00e9es \u00e0 caract\u00e8re personnel ayant comme base juridique l\u2019int\u00e9r\u00eat l\u00e9gitime du cabinet, ainsi que d\u2019un droit d\u2019opposition \u00e0 la prospection commerciale. Elles disposent \u00e9galement du droit de d\u00e9finir des directives g\u00e9n\u00e9rales et particuli\u00e8res d\u00e9finissant la mani\u00e8re dont elles entendent que soient exerc\u00e9s, apr\u00e8s leur d\u00e9c\u00e8s, les droits mentionn\u00e9s ci-dessus par courrier \u00e9lectronique \u00e0 l\u2019adresse suivante : contact@clravocat.fr ou par courrier postal \u00e0 l\u2019adresse suivante : 74 RUE Georges Bonnac Tour 1 &#8211; 33000 BORDEAUX, accompagn\u00e9 d\u2019une copie d\u2019un titre d\u2019identit\u00e9 sign\u00e9.<\/p>\n<p>Les personnes concern\u00e9es disposent du droit d\u2019introduire une r\u00e9clamation aupr\u00e8s de la Cnil.<\/p>\n<p>&nbsp;<\/p>\n<p>Mentions l\u00e9gales :<\/p>\n<p>Directeur de publication du site : Cl\u00e9mence RAD\u00c9 \u2013 74 RUE Georges Bonnac Tour 1 &#8211; 33000 BORDEAUX \u2013 contact@clravocat.fr<\/p>\n<p>H\u00e9bergeur du site : SAS OVH \u2013 2 rue Kellermann \u2013 59100 Roubaix \u2013 France<\/p>\n<\/div>\n<\/div>\n<\/article>\n<\/div>\n<\/div>\n<footer class=\"footer footer-black footer-big\">\n<div class=\"container\">\n<div class=\"hestia-bottom-footer-content\"><\/div>\n<\/div>\n<\/footer>\n<p>[\/et_pb_text][\/et_pb_column][\/et_pb_row][\/et_pb_section]<\/p>\n","protected":false},"excerpt":{"rendered":"<p>Bordeaux &#8211; Biganos \/ Avocat UrbanismePROTECTION DES DONN\u00c9ES Le cabinet met en \u0153uvre des traitements de donn\u00e9es \u00e0 caract\u00e8re personnel. Les traitements de donn\u00e9es \u00e0 caract\u00e8re personnel mis en \u0153uvre ont pour base juridique: L\u2019int\u00e9r\u00eat l\u00e9gitime poursuivi par le cabinet lorsqu\u2019il poursuit les finalit\u00e9s suivantes : Prospection et animation ; Gestion de la relation avec [&hellip;]<\/p>\n","protected":false},"author":1,"featured_media":0,"parent":0,"menu_order":0,"comment_status":"closed","ping_status":"closed","template":"","meta":{"_et_pb_use_builder":"on","_et_pb_old_content":"","_et_gb_content_width":"","footnotes":""},"class_list":["post-296","page","type-page","status-publish","hentry"],"yoast_head":"<!-- This site is optimized with the Yoast SEO plugin v27.4 - https:\/\/yoast.com\/product\/yoast-seo-wordpress\/ -->\n<title>Protection des donn\u00e9es - Cl\u00e9mence Rad\u00e9 CLR Avocat<\/title>\n<meta name=\"robots\" content=\"index, follow, max-snippet:-1, max-image-preview:large, max-video-preview:-1\" \/>\n<link rel=\"canonical\" href=\"https:\/\/clravocat.fr\/en\/protection-des-donnees\/\" \/>\n<meta property=\"og:locale\" content=\"en_GB\" \/>\n<meta property=\"og:type\" content=\"article\" \/>\n<meta property=\"og:title\" content=\"Protection des donn\u00e9es - Cl\u00e9mence Rad\u00e9 CLR Avocat\" \/>\n<meta property=\"og:description\" content=\"Bordeaux - Biganos \/ Avocat UrbanismePROTECTION DES DONN\u00c9ES Le cabinet met en \u0153uvre des traitements de donn\u00e9es \u00e0 caract\u00e8re personnel. Les traitements de donn\u00e9es \u00e0 caract\u00e8re personnel mis en \u0153uvre ont pour base juridique: L\u2019int\u00e9r\u00eat l\u00e9gitime poursuivi par le cabinet lorsqu\u2019il poursuit les finalit\u00e9s suivantes : Prospection et animation ; Gestion de la relation avec [&hellip;]\" \/>\n<meta property=\"og:url\" content=\"https:\/\/clravocat.fr\/en\/protection-des-donnees\/\" \/>\n<meta property=\"og:site_name\" content=\"Cl\u00e9mence Rad\u00e9 CLR Avocat\" \/>\n<meta property=\"article:modified_time\" content=\"2025-06-06T07:50:46+00:00\" \/>\n<meta name=\"twitter:card\" content=\"summary_large_image\" \/>\n<meta name=\"twitter:label1\" content=\"Estimated reading time\" \/>\n\t<meta name=\"twitter:data1\" content=\"3 minutes\" \/>\n<script type=\"application\/ld+json\" class=\"yoast-schema-graph\">{\"@context\":\"https:\\\/\\\/schema.org\",\"@graph\":[{\"@type\":\"WebPage\",\"@id\":\"https:\\\/\\\/clravocat.fr\\\/protection-des-donnees\\\/\",\"url\":\"https:\\\/\\\/clravocat.fr\\\/protection-des-donnees\\\/\",\"name\":\"Protection des donn\u00e9es - Cl\u00e9mence Rad\u00e9 CLR Avocat\",\"isPartOf\":{\"@id\":\"https:\\\/\\\/clravocat.fr\\\/#website\"},\"datePublished\":\"2024-09-12T12:18:06+00:00\",\"dateModified\":\"2025-06-06T07:50:46+00:00\",\"breadcrumb\":{\"@id\":\"https:\\\/\\\/clravocat.fr\\\/protection-des-donnees\\\/#breadcrumb\"},\"inLanguage\":\"en-GB\",\"potentialAction\":[{\"@type\":\"ReadAction\",\"target\":[\"https:\\\/\\\/clravocat.fr\\\/protection-des-donnees\\\/\"]}]},{\"@type\":\"BreadcrumbList\",\"@id\":\"https:\\\/\\\/clravocat.fr\\\/protection-des-donnees\\\/#breadcrumb\",\"itemListElement\":[{\"@type\":\"ListItem\",\"position\":1,\"name\":\"Home\",\"item\":\"https:\\\/\\\/clravocat.fr\\\/\"},{\"@type\":\"ListItem\",\"position\":2,\"name\":\"Protection des donn\u00e9es\"}]},{\"@type\":\"WebSite\",\"@id\":\"https:\\\/\\\/clravocat.fr\\\/#website\",\"url\":\"https:\\\/\\\/clravocat.fr\\\/\",\"name\":\"Cl\u00e9mence Rad\u00e9 CLR Avocat\",\"description\":\"\",\"potentialAction\":[{\"@type\":\"SearchAction\",\"target\":{\"@type\":\"EntryPoint\",\"urlTemplate\":\"https:\\\/\\\/clravocat.fr\\\/?s={search_term_string}\"},\"query-input\":{\"@type\":\"PropertyValueSpecification\",\"valueRequired\":true,\"valueName\":\"search_term_string\"}}],\"inLanguage\":\"en-GB\"}]}<\/script>\n<!-- \/ Yoast SEO plugin. -->","yoast_head_json":{"title":"Protection des donn\u00e9es - Cl\u00e9mence Rad\u00e9 CLR Avocat","robots":{"index":"index","follow":"follow","max-snippet":"max-snippet:-1","max-image-preview":"max-image-preview:large","max-video-preview":"max-video-preview:-1"},"canonical":"https:\/\/clravocat.fr\/en\/protection-des-donnees\/","og_locale":"en_GB","og_type":"article","og_title":"Protection des donn\u00e9es - Cl\u00e9mence Rad\u00e9 CLR Avocat","og_description":"Bordeaux - Biganos \/ Avocat UrbanismePROTECTION DES DONN\u00c9ES Le cabinet met en \u0153uvre des traitements de donn\u00e9es \u00e0 caract\u00e8re personnel. Les traitements de donn\u00e9es \u00e0 caract\u00e8re personnel mis en \u0153uvre ont pour base juridique: L\u2019int\u00e9r\u00eat l\u00e9gitime poursuivi par le cabinet lorsqu\u2019il poursuit les finalit\u00e9s suivantes : Prospection et animation ; Gestion de la relation avec [&hellip;]","og_url":"https:\/\/clravocat.fr\/en\/protection-des-donnees\/","og_site_name":"Cl\u00e9mence Rad\u00e9 CLR Avocat","article_modified_time":"2025-06-06T07:50:46+00:00","twitter_card":"summary_large_image","twitter_misc":{"Estimated reading time":"3 minutes"},"schema":{"@context":"https:\/\/schema.org","@graph":[{"@type":"WebPage","@id":"https:\/\/clravocat.fr\/protection-des-donnees\/","url":"https:\/\/clravocat.fr\/protection-des-donnees\/","name":"Protection des donn\u00e9es - Cl\u00e9mence Rad\u00e9 CLR Avocat","isPartOf":{"@id":"https:\/\/clravocat.fr\/#website"},"datePublished":"2024-09-12T12:18:06+00:00","dateModified":"2025-06-06T07:50:46+00:00","breadcrumb":{"@id":"https:\/\/clravocat.fr\/protection-des-donnees\/#breadcrumb"},"inLanguage":"en-GB","potentialAction":[{"@type":"ReadAction","target":["https:\/\/clravocat.fr\/protection-des-donnees\/"]}]},{"@type":"BreadcrumbList","@id":"https:\/\/clravocat.fr\/protection-des-donnees\/#breadcrumb","itemListElement":[{"@type":"ListItem","position":1,"name":"Home","item":"https:\/\/clravocat.fr\/"},{"@type":"ListItem","position":2,"name":"Protection des donn\u00e9es"}]},{"@type":"WebSite","@id":"https:\/\/clravocat.fr\/#website","url":"https:\/\/clravocat.fr\/","name":"Cl\u00e9mence Rad\u00e9 CLR Avocat","description":"","potentialAction":[{"@type":"SearchAction","target":{"@type":"EntryPoint","urlTemplate":"https:\/\/clravocat.fr\/?s={search_term_string}"},"query-input":{"@type":"PropertyValueSpecification","valueRequired":true,"valueName":"search_term_string"}}],"inLanguage":"en-GB"}]}},"_links":{"self":[{"href":"https:\/\/clravocat.fr\/en\/wp-json\/wp\/v2\/pages\/296","targetHints":{"allow":["GET"]}}],"collection":[{"href":"https:\/\/clravocat.fr\/en\/wp-json\/wp\/v2\/pages"}],"about":[{"href":"https:\/\/clravocat.fr\/en\/wp-json\/wp\/v2\/types\/page"}],"author":[{"embeddable":true,"href":"https:\/\/clravocat.fr\/en\/wp-json\/wp\/v2\/users\/1"}],"replies":[{"embeddable":true,"href":"https:\/\/clravocat.fr\/en\/wp-json\/wp\/v2\/comments?post=296"}],"version-history":[{"count":7,"href":"https:\/\/clravocat.fr\/en\/wp-json\/wp\/v2\/pages\/296\/revisions"}],"predecessor-version":[{"id":712,"href":"https:\/\/clravocat.fr\/en\/wp-json\/wp\/v2\/pages\/296\/revisions\/712"}],"wp:attachment":[{"href":"https:\/\/clravocat.fr\/en\/wp-json\/wp\/v2\/media?parent=296"}],"curies":[{"name":"wp","href":"https:\/\/api.w.org\/{rel}","templated":true}]}}